{"id":35,"date":"2023-08-14T15:42:38","date_gmt":"2023-08-14T21:42:38","guid":{"rendered":"https:\/\/rtiseguros.com\/?page_id=35"},"modified":"2023-09-04T10:12:58","modified_gmt":"2023-09-04T16:12:58","slug":"inicio","status":"publish","type":"page","link":"https:\/\/rtiseguros.com\/","title":{"rendered":"INICIO"},"content":{"rendered":"<p>[et_pb_section fb_built=\u00bb1&#8243; fullwidth=\u00bbon\u00bb _builder_version=\u00bb4.22.0&#8243; background_image=\u00bbhttps:\/\/rtiseguros.com\/wp-content\/uploads\/2023\/08\/portada_2.jpg\u00bb global_colors_info=\u00bb{}\u00bb][et_pb_fullwidth_header text_orientation=\u00bbcenter\u00bb _builder_version=\u00bb4.22.0&#8243; title_font=\u00bbDarker Grotesque|900|||||||\u00bb title_text_align=\u00bbcenter\u00bb title_text_color=\u00bb#FFFFFF\u00bb title_font_size=\u00bb48px\u00bb title_line_height=\u00bb0.85em\u00bb content_text_align=\u00bbleft\u00bb background_color=\u00bbrgba(0,0,0,0.55)\u00bb background_enable_image=\u00bboff\u00bb background_size=\u00bbinitial\u00bb background_position=\u00bbtop_center\u00bb custom_button_one=\u00bbon\u00bb button_one_text_color=\u00bb#FFFFFF\u00bb button_one_bg_color=\u00bb#0032a0&#8243; button_one_border_color=\u00bbrgba(0,0,0,0)\u00bb button_one_border_radius=\u00bb0px\u00bb button_one_letter_spacing=\u00bb2px\u00bb button_one_font=\u00bbDarker Grotesque|900||on|||||\u00bb button_one_use_icon=\u00bboff\u00bb button_one_custom_padding=\u00bb15px|40px|15px|40px|true|true\u00bb custom_button_two=\u00bbon\u00bb button_two_text_color=\u00bb#283444&#8243; button_two_bg_color=\u00bb#ddccb8&#8243; button_two_border_color=\u00bbrgba(0,0,0,0)\u00bb button_two_border_radius=\u00bb0px\u00bb button_two_letter_spacing=\u00bb2px\u00bb button_two_font=\u00bbDarker Grotesque|900||on|||||\u00bb button_two_use_icon=\u00bboff\u00bb custom_padding=\u00bb6vw||6vw||true|false\u00bb hover_enabled=\u00bb0&#8243; title_font_size_tablet=\u00bb10vw\u00bb title_font_size_phone=\u00bb5vw\u00bb title_font_size_last_edited=\u00bbon|phone\u00bb title_line_height_tablet=\u00bb\u00bb title_line_height_phone=\u00bb\u00bb title_line_height_last_edited=\u00bbon|desktop\u00bb background_last_edited=\u00bbon|desktop\u00bb background_size_tablet=\u00bbcover\u00bb button_one_text_size_tablet=\u00bb20px\u00bb button_one_text_size_phone=\u00bb16px\u00bb button_one_text_size_last_edited=\u00bbon|phone\u00bb button_two_text_size_tablet=\u00bb20px\u00bb button_two_text_size_phone=\u00bb16px\u00bb button_two_text_size_last_edited=\u00bbon|phone\u00bb custom_css_header_container=\u00bbmax-width: 100% !important;||width: 100% !important;\u00bb global_colors_info=\u00bb{}\u00bb sticky_enabled=\u00bb0&#8243;]<\/p>\n<h1>Estamos comprometidos a que multipliques y protejas tu patrimonio,<\/h1>\n<h1>a trav\u00e9s de nuestras asesor\u00edas personalizadas por lo que te ayudaremos a que administres problemas como:<\/h1>\n<p>[\/et_pb_fullwidth_header][\/et_pb_section][et_pb_section fb_built=\u00bb1&#8243; _builder_version=\u00bb4.22.0&#8243; _module_preset=\u00bbdefault\u00bb background_color=\u00bb#0032a0&#8243; custom_padding=\u00bb0px||4px|||\u00bb global_colors_info=\u00bb{}\u00bb][et_pb_row _builder_version=\u00bb4.22.0&#8243; _module_preset=\u00bbdefault\u00bb width=\u00bb100%\u00bb max_width=\u00bb100%\u00bb custom_margin=\u00bb||||false|false\u00bb custom_padding=\u00bb0px|||0px|false|false\u00bb global_colors_info=\u00bb{}\u00bb][et_pb_column type=\u00bb4_4&#8243; _builder_version=\u00bb4.22.0&#8243; _module_preset=\u00bbdefault\u00bb global_colors_info=\u00bb{}\u00bb][wdcl_image_carousel animation_speed=\u00bb2700ms\u00bb autoplay_speed=\u00bb1000ms\u00bb is_variable_width=\u00bbon\u00bb carousel_spacing_bottom=\u00bb7px\u00bb arrow_color=\u00bb#000000&#8243; arrow_bg=\u00bb#FFFFFF\u00bb arrow_border_color=\u00bb#333333&#8243; _builder_version=\u00bb4.22.0&#8243; _module_preset=\u00bbdefault\u00bb background_color=\u00bb#0032a0&#8243; custom_margin=\u00bb||8px|||\u00bb custom_padding=\u00bb26px||26px||false|false\u00bb global_colors_info=\u00bb{}\u00bb][wdcl_image_carousel_child photo=\u00bbhttps:\/\/rtiseguros.com\/wp-content\/uploads\/2023\/08\/inicio_5.jpg\u00bb title=\u00bbPERDIDA DE LA CAPACIDAD PRODUCTIVA\u00bb content_alignment=\u00bbcenter\u00bb content_bg_color=\u00bb#EDF000&#8243; overlay_bg_color=\u00bbrgba(0,0,0,0.22)\u00bb _builder_version=\u00bb4.22.0&#8243; _module_preset=\u00bbdefault\u00bb title_font=\u00bbAbel|700|||||||\u00bb title_text_color=\u00bb#0032a0&#8243; background_enable_color=\u00bboff\u00bb background_enable_image=\u00bboff\u00bb title_text_shadow_style=\u00bbpreset1&#8243; title_text_shadow_color=\u00bb#FFFFFF\u00bb global_colors_info=\u00bb{}\u00bb][\/wdcl_image_carousel_child][wdcl_image_carousel_child photo=\u00bbhttps:\/\/rtiseguros.com\/wp-content\/uploads\/2023\/08\/INIICIO_SALUD.jpg\u00bb title=\u00bbSALUD\u00bb content_alignment=\u00bbcenter\u00bb content_bg_color=\u00bb#EDF000&#8243; overlay_bg_color=\u00bbrgba(0,0,0,0.22)\u00bb _builder_version=\u00bb4.22.0&#8243; _module_preset=\u00bbdefault\u00bb title_font=\u00bbAbel|700|||||||\u00bb title_text_color=\u00bb#0032a0&#8243; background_enable_color=\u00bboff\u00bb background_enable_image=\u00bboff\u00bb title_text_shadow_style=\u00bbpreset1&#8243; title_text_shadow_color=\u00bb#FFFFFF\u00bb global_colors_info=\u00bb{}\u00bb][\/wdcl_image_carousel_child][wdcl_image_carousel_child photo=\u00bbhttps:\/\/rtiseguros.com\/wp-content\/uploads\/2023\/08\/inicio_2.jpg\u00bb title=\u00bbFALLECIMIENTO INESPERADO\u00bb content_alignment=\u00bbcenter\u00bb content_bg_color=\u00bb#EDF000&#8243; overlay_bg_color=\u00bbrgba(0,0,0,0.22)\u00bb _builder_version=\u00bb4.22.0&#8243; _module_preset=\u00bbdefault\u00bb title_font=\u00bbAbel|700|||||||\u00bb title_text_color=\u00bb#0032a0&#8243; background_enable_color=\u00bboff\u00bb background_enable_image=\u00bboff\u00bb title_text_shadow_style=\u00bbpreset1&#8243; title_text_shadow_color=\u00bb#FFFFFF\u00bb global_colors_info=\u00bb{}\u00bb][\/wdcl_image_carousel_child][wdcl_image_carousel_child photo=\u00bbhttps:\/\/rtiseguros.com\/wp-content\/uploads\/2023\/08\/inicio_1.jpg\u00bb title=\u00bbCALIDAD DE VIDA EN LA VEJEZ\u00bb content_alignment=\u00bbcenter\u00bb content_bg_color=\u00bb#EDF000&#8243; overlay_bg_color=\u00bbrgba(0,0,0,0.22)\u00bb _builder_version=\u00bb4.22.0&#8243; _module_preset=\u00bbdefault\u00bb title_font=\u00bbAbel|700|||||||\u00bb title_text_color=\u00bb#0032a0&#8243; background_enable_color=\u00bboff\u00bb background_enable_image=\u00bboff\u00bb title_text_shadow_style=\u00bbpreset1&#8243; title_text_shadow_color=\u00bb#FFFFFF\u00bb global_colors_info=\u00bb{}\u00bb][\/wdcl_image_carousel_child][wdcl_image_carousel_child photo=\u00bbhttps:\/\/rtiseguros.com\/wp-content\/uploads\/2023\/08\/inicio_3.jpg\u00bb title=\u00bbMULTIPLICACI\u00d3N Y PROTECCI\u00d3N DE TU PATRIMONIO\u00bb content_alignment=\u00bbcenter\u00bb content_bg_color=\u00bb#EDF000&#8243; overlay_bg_color=\u00bbrgba(0,0,0,0.22)\u00bb _builder_version=\u00bb4.22.0&#8243; _module_preset=\u00bbdefault\u00bb title_font=\u00bbAbel|700|||||||\u00bb title_text_color=\u00bb#0032a0&#8243; background_enable_color=\u00bboff\u00bb background_enable_image=\u00bboff\u00bb title_text_shadow_style=\u00bbpreset1&#8243; title_text_shadow_color=\u00bb#FFFFFF\u00bb global_colors_info=\u00bb{}\u00bb][\/wdcl_image_carousel_child][wdcl_image_carousel_child photo=\u00bbhttps:\/\/rtiseguros.com\/wp-content\/uploads\/2023\/08\/OTROS2.jpg\u00bb title=\u00bbOTROS\u00bb content_alignment=\u00bbcenter\u00bb content_bg_color=\u00bb#EDF000&#8243; overlay_bg_color=\u00bbrgba(0,0,0,0.22)\u00bb _builder_version=\u00bb4.22.0&#8243; _module_preset=\u00bbdefault\u00bb title_font=\u00bbAbel|700|||||||\u00bb title_text_color=\u00bb#0032a0&#8243; background_enable_color=\u00bboff\u00bb background_enable_image=\u00bboff\u00bb title_text_shadow_style=\u00bbpreset1&#8243; title_text_shadow_color=\u00bb#FFFFFF\u00bb global_colors_info=\u00bb{}\u00bb][\/wdcl_image_carousel_child][\/wdcl_image_carousel][et_pb_text _builder_version=\u00bb4.22.0&#8243; _module_preset=\u00bbdefault\u00bb text_text_color=\u00bb#0C71C3&#8243; header_text_color=\u00bb#FFFFFF\u00bb header_2_text_color=\u00bb#FFFFFF\u00bb text_orientation=\u00bbcenter\u00bb custom_margin=\u00bb-55px|||||\u00bb global_colors_info=\u00bb{}\u00bb]<\/p>\n<h2>\u00a1Imag\u00ednate tener la tranquilidad y seguridad de todos estos recursos cuando m\u00e1s lo necesitas!<\/h2>\n<p>[\/et_pb_text][\/et_pb_column][\/et_pb_row][\/et_pb_section][et_pb_section fb_built=\u00bb1&#8243; admin_label=\u00bbTestimonial\u00bb _builder_version=\u00bb4.22.0&#8243; background_color=\u00bb#FFFFFF\u00bb background_enable_image=\u00bboff\u00bb background_size=\u00bbinitial\u00bb background_position=\u00bbtop_center\u00bb global_colors_info=\u00bb{}\u00bb][et_pb_row _builder_version=\u00bb4.16&#8243; max_width=\u00bb750px\u00bb module_alignment=\u00bbcenter\u00bb global_colors_info=\u00bb{}\u00bb][et_pb_column type=\u00bb4_4&#8243; _builder_version=\u00bb4.16&#8243; global_colors_info=\u00bb{}\u00bb][et_pb_text _builder_version=\u00bb4.22.0&#8243; _module_preset=\u00bbdefault\u00bb header_3_text_align=\u00bbcenter\u00bb header_3_text_color=\u00bb#0032a0&#8243; header_3_line_height=\u00bb1.2em\u00bb global_colors_info=\u00bb{}\u00bb]<\/p>\n<h3>Ofrecemos asesor\u00eda v\u00eda presencial y en l\u00ednea, para que puedas elegir la opci\u00f3n que mejor se adapte a tus necesidades y preferencias.<\/h3>\n<p>[\/et_pb_text][\/et_pb_column][\/et_pb_row][et_pb_row column_structure=\u00bb1_2,1_2&#8243; _builder_version=\u00bb4.16&#8243; max_width=\u00bb750px\u00bb module_alignment=\u00bbcenter\u00bb global_colors_info=\u00bb{}\u00bb][et_pb_column type=\u00bb1_2&#8243; _builder_version=\u00bb4.16&#8243; global_colors_info=\u00bb{}\u00bb][et_pb_button button_url=\u00bbhttps:\/\/rtiseguros.com\/?page_id=333&#8243; button_text=\u00bbEMPRESAS\u00bb button_alignment=\u00bbcenter\u00bb _builder_version=\u00bb4.22.0&#8243; _module_preset=\u00bbdefault\u00bb custom_button=\u00bbon\u00bb button_text_color=\u00bb#EDF000&#8243; button_bg_color=\u00bb#0032a0&#8243; button_border_color=\u00bbRGBA(255,255,255,0)\u00bb button_border_radius=\u00bb0px\u00bb button_letter_spacing=\u00bb3px\u00bb button_font=\u00bbDarker Grotesque|900|||||||\u00bb button_icon=\u00bb&#xe07e;||divi||400&#8243; button_on_hover=\u00bboff\u00bb custom_padding=\u00bb1px|40px|15px|40px|false|false\u00bb global_colors_info=\u00bb{}\u00bb][\/et_pb_button][\/et_pb_column][et_pb_column type=\u00bb1_2&#8243; _builder_version=\u00bb4.16&#8243; global_colors_info=\u00bb{}\u00bb][et_pb_button button_url=\u00bbhttps:\/\/rtiseguros.com\/?page_id=325&#8243; button_text=\u00bbPERSONAS\u00bb button_alignment=\u00bbcenter\u00bb _builder_version=\u00bb4.22.0&#8243; _module_preset=\u00bbdefault\u00bb custom_button=\u00bbon\u00bb button_text_color=\u00bb#EDF000&#8243; button_bg_color=\u00bb#0032a0&#8243; button_border_color=\u00bbRGBA(255,255,255,0)\u00bb button_border_radius=\u00bb0px\u00bb button_letter_spacing=\u00bb3px\u00bb button_font=\u00bbDarker Grotesque|900|||||||\u00bb button_icon=\u00bb&#xe07e;||divi||400&#8243; button_on_hover=\u00bboff\u00bb custom_padding=\u00bb1px|40px|15px|40px|false|false\u00bb global_colors_info=\u00bb{}\u00bb][\/et_pb_button][\/et_pb_column][\/et_pb_row][\/et_pb_section][et_pb_section fb_built=\u00bb1&#8243; admin_label=\u00bbFeatures\u00bb _builder_version=\u00bb4.22.0&#8243; background_color=\u00bb#0032a0&#8243; background_enable_image=\u00bboff\u00bb background_size=\u00bbinitial\u00bb background_position=\u00bbbottom_center\u00bb custom_padding=\u00bb52px||35px|||\u00bb module_alignment_tablet=\u00bbcenter\u00bb module_alignment_last_edited=\u00bboff|tablet\u00bb border_color_all=\u00bbRGBA(255,255,255,0)\u00bb global_colors_info=\u00bb{}\u00bb][et_pb_row _builder_version=\u00bb4.22.0&#8243; _module_preset=\u00bbdefault\u00bb global_colors_info=\u00bb{}\u00bb][et_pb_column type=\u00bb4_4&#8243; _builder_version=\u00bb4.22.0&#8243; _module_preset=\u00bbdefault\u00bb global_colors_info=\u00bb{}\u00bb][et_pb_text _builder_version=\u00bb4.22.0&#8243; text_text_color=\u00bb#FFFFFF\u00bb header_text_color=\u00bb#FFFFFF\u00bb header_2_text_color=\u00bb#EDF000&#8243; header_3_font=\u00bbDarker Grotesque|900|||||||\u00bb header_3_text_color=\u00bb#FFFFFF\u00bb header_3_font_size=\u00bb35px\u00bb background_color=\u00bbRGBA(255,255,255,0)\u00bb width=\u00bb100%\u00bb header_3_font_size_tablet=\u00bb30px\u00bb header_3_font_size_phone=\u00bb24px\u00bb header_3_font_size_last_edited=\u00bbon|tablet\u00bb global_colors_info=\u00bb{}\u00bb]<\/p>\n<h3>Con m\u00e1s de 15 a\u00f1os de experiencia, en asesorar:<\/h3>\n<h2>&#8211; Personas &#8211; Familias &#8211; Empresas y sus colaboradores<\/h2>\n<p>[\/et_pb_text][et_pb_image src=\u00bbhttps:\/\/rtiseguros.com\/wp-content\/uploads\/2023\/08\/fabico.png\u00bb title_text=\u00bbfabico\u00bb _builder_version=\u00bb4.22.0&#8243; background_enable_color=\u00bboff\u00bb positioning=\u00bbabsolute\u00bb position_origin_a=\u00bbtop_right\u00bb vertical_offset=\u00bb-40px\u00bb horizontal_offset=\u00bb-40px\u00bb global_colors_info=\u00bb{}\u00bb][\/et_pb_image][\/et_pb_column][\/et_pb_row][\/et_pb_section][et_pb_section fb_built=\u00bb1&#8243; admin_label=\u00bbTestimonial\u00bb _builder_version=\u00bb4.22.0&#8243; background_color=\u00bb#00aeca\u00bb background_enable_image=\u00bboff\u00bb background_size=\u00bbinitial\u00bb background_position=\u00bbtop_center\u00bb global_colors_info=\u00bb{}\u00bb][et_pb_row _builder_version=\u00bb4.16&#8243; max_width=\u00bb750px\u00bb module_alignment=\u00bbcenter\u00bb global_colors_info=\u00bb{}\u00bb][et_pb_column type=\u00bb4_4&#8243; _builder_version=\u00bb4.16&#8243; global_colors_info=\u00bb{}\u00bb][et_pb_image _builder_version=\u00bb4.22.0&#8243; global_colors_info=\u00bb{}\u00bb][\/et_pb_image][et_pb_text _builder_version=\u00bb4.22.0&#8243; text_font=\u00bbDarker Grotesque|900|||||||\u00bb text_text_color=\u00bb#0032a0&#8243; text_font_size=\u00bb40px\u00bb text_line_height=\u00bb1.4em\u00bb text_font_size_tablet=\u00bb30px\u00bb text_font_size_phone=\u00bb24px\u00bb text_font_size_last_edited=\u00bbon|phone\u00bb global_colors_info=\u00bb{}\u00bb]<\/p>\n<p style=\"text-align: center;\">Ded\u00edcate a vivir nosotros nos preocupamos por t\u00fa tranquilidad\u200b<\/p>\n<p>[\/et_pb_text][et_pb_button button_url=\u00bbhttps:\/\/rtiseguros.com\/?page_id=117&#8243; button_text=\u00bbM\u00e1s informaci\u00f3n\u00bb button_alignment=\u00bbcenter\u00bb _builder_version=\u00bb4.22.0&#8243; _module_preset=\u00bbdefault\u00bb custom_button=\u00bbon\u00bb button_text_color=\u00bb#EDF000&#8243; button_bg_color=\u00bb#0032a0&#8243; button_border_color=\u00bbRGBA(255,255,255,0)\u00bb button_border_radius=\u00bb0px\u00bb button_letter_spacing=\u00bb3px\u00bb button_font=\u00bbDarker Grotesque|900|||||||\u00bb button_use_icon=\u00bboff\u00bb custom_padding=\u00bb1px|40px|15px|40px|false|false\u00bb global_colors_info=\u00bb{}\u00bb][\/et_pb_button][\/et_pb_column][\/et_pb_row][\/et_pb_section][et_pb_section fb_built=\u00bb1&#8243; admin_label=\u00bbFeature\u00bb _builder_version=\u00bb4.16&#8243; background_color=\u00bb#263142&#8243; global_colors_info=\u00bb{}\u00bb][et_pb_row column_structure=\u00bb1_3,2_3&#8243; admin_label=\u00bbRow\u00bb _builder_version=\u00bb4.16&#8243; custom_margin=\u00bb||||false|false\u00bb global_colors_info=\u00bb{}\u00bb][et_pb_column type=\u00bb1_3&#8243; _builder_version=\u00bb4.16&#8243; global_colors_info=\u00bb{}\u00bb][et_pb_image src=\u00bbhttps:\/\/rtiseguros.com\/wp-content\/uploads\/2023\/08\/IMG_4153.jpg\u00bb title_text=\u00bbIMG_4153&#8243; _builder_version=\u00bb4.22.0&#8243; global_colors_info=\u00bb{}\u00bb][\/et_pb_image][et_pb_image src=\u00bbhttps:\/\/rtiseguros.com\/wp-content\/uploads\/2023\/08\/fabico.png\u00bb title_text=\u00bbfabico\u00bb _builder_version=\u00bb4.22.0&#8243; positioning=\u00bbabsolute\u00bb position_origin_a=\u00bbbottom_left\u00bb vertical_offset=\u00bb-46px\u00bb horizontal_offset=\u00bb-76px\u00bb z_index=\u00bb10&#8243; scroll_rotating_enable=\u00bbon\u00bb scroll_rotating=\u00bb0|50|50|100|45\u00b0|0|-45\u00b0\u00bb global_colors_info=\u00bb{}\u00bb][\/et_pb_image][\/et_pb_column][et_pb_column type=\u00bb2_3&#8243; _builder_version=\u00bb4.16&#8243; custom_padding=\u00bb80px||||false|false\u00bb custom_padding_tablet=\u00bb30px||||false|false\u00bb custom_padding_phone=\u00bb\u00bb custom_padding_last_edited=\u00bbon|phone\u00bb global_colors_info=\u00bb{}\u00bb][et_pb_text _builder_version=\u00bb4.22.0&#8243; text_font=\u00bbDarker Grotesque|800|||||||\u00bb text_text_color=\u00bb#FFFFFF\u00bb text_font_size=\u00bb22px\u00bb text_line_height=\u00bb1.4em\u00bb header_text_color=\u00bb#FFFFFF\u00bb background_layout=\u00bbdark\u00bb global_colors_info=\u00bb{}\u00bb]<\/p>\n<p style=\"text-align: justify;\">Nos ajustamos a tu presupuesto, independientemente de tu situaci\u00f3n financiera actual.\u00a0Te proporcionaremos recursos para establecer una salvaguarda para ti y tus seres queridos, as\u00ed como para tu patrimonio.<\/p>\n<p>&nbsp;<\/p>\n<p>[\/et_pb_text][\/et_pb_column][\/et_pb_row][et_pb_row admin_label=\u00bbRow\u00bb _builder_version=\u00bb4.22.0&#8243; positioning=\u00bbabsolute\u00bb position_origin_a=\u00bbcenter_center\u00bb position_origin_a_tablet=\u00bb\u00bb position_origin_a_phone=\u00bb\u00bb position_origin_a_last_edited=\u00bbon|phone\u00bb position_origin_f_tablet=\u00bb\u00bb position_origin_f_phone=\u00bb\u00bb position_origin_f_last_edited=\u00bbon|phone\u00bb position_origin_r_tablet=\u00bb\u00bb position_origin_r_phone=\u00bb\u00bb position_origin_r_last_edited=\u00bbon|phone\u00bb max_width=\u00bbnone\u00bb positioning_tablet=\u00bbrelative\u00bb positioning_phone=\u00bb\u00bb positioning_last_edited=\u00bbon|tablet\u00bb global_colors_info=\u00bb{}\u00bb][et_pb_column type=\u00bb4_4&#8243; _builder_version=\u00bb4.16&#8243; global_colors_info=\u00bb{}\u00bb][et_pb_text _builder_version=\u00bb4.16&#8243; text_font=\u00bbDarker Grotesque|900|||||||\u00bb text_text_color=\u00bbrgba(221,204,184,0.08)\u00bb text_font_size=\u00bb20vw\u00bb text_line_height=\u00bb0.8em\u00bb width=\u00bb92.7%\u00bb custom_margin=\u00bb|-182px||||\u00bb scroll_vertical_motion_enable=\u00bbon\u00bb scroll_vertical_motion=\u00bb0|50|50|100|2|0|-2&#8243; scroll_vertical_motion_tablet=\u00bb\u00bb scroll_vertical_motion_phone=\u00bb0|50|50|100|0|0|0&#8243; scroll_vertical_motion_last_edited=\u00bbon|phone\u00bb global_colors_info=\u00bb{}\u00bb]<\/p>\n<p>Futuro<\/p>\n<p>[\/et_pb_text][\/et_pb_column][\/et_pb_row][\/et_pb_section][et_pb_section fb_built=\u00bb1&#8243; admin_label=\u00bbFooter\u00bb _builder_version=\u00bb4.22.0&#8243; background_enable_color=\u00bboff\u00bb use_background_color_gradient=\u00bbon\u00bb background_color_gradient_stops=\u00bb#ffffff 1%|rgba(255,255,255,0.06) 100%\u00bb background_color_gradient_overlays_image=\u00bbon\u00bb background_color_gradient_start=\u00bbrgba(249,243,232,0.85)\u00bb background_color_gradient_end=\u00bbrgba(249,243,232,0.9)\u00bb background_image=\u00bbhttps:\/\/rtiseguros.com\/wp-content\/uploads\/2023\/08\/contacto_lowRti.jpg\u00bb locked=\u00bboff\u00bb global_colors_info=\u00bb{}\u00bb][et_pb_row column_structure=\u00bb1_4,1_4,1_4,1_4&#8243; _builder_version=\u00bb4.16&#8243; locked=\u00bboff\u00bb global_colors_info=\u00bb{}\u00bb][et_pb_column type=\u00bb1_4&#8243; _builder_version=\u00bb4.16&#8243; global_colors_info=\u00bb{}\u00bb][et_pb_image src=\u00bbhttps:\/\/rtiseguros.com\/wp-content\/uploads\/2023\/08\/logo-1.png\u00bb title_text=\u00bblogo-1&#8243; _builder_version=\u00bb4.22.0&#8243; global_colors_info=\u00bb{}\u00bb][\/et_pb_image][\/et_pb_column][et_pb_column type=\u00bb1_4&#8243; _builder_version=\u00bb4.16&#8243; global_colors_info=\u00bb{}\u00bb][et_pb_text _builder_version=\u00bb4.22.0&#8243; _module_preset=\u00bbdefault\u00bb text_text_color=\u00bb#0032a0&#8243; global_colors_info=\u00bb{}\u00bb]<\/p>\n<p>Direcci\u00f3n: Calle La Reforma #209, San Salvador, El Salvador.<\/p>\n<p>Lu &#8211; Vie de 7:00 am a 5:00 pm<\/p>\n<p>[\/et_pb_text][\/et_pb_column][et_pb_column type=\u00bb1_4&#8243; _builder_version=\u00bb4.16&#8243; custom_padding=\u00bb|50px|||false|false\u00bb custom_padding_tablet=\u00bb|0px|||false|false\u00bb custom_padding_phone=\u00bb\u00bb custom_padding_last_edited=\u00bbon|tablet\u00bb global_colors_info=\u00bb{}\u00bb][et_pb_text _builder_version=\u00bb4.22.0&#8243; _module_preset=\u00bbdefault\u00bb text_text_color=\u00bb#0032a0&#8243; global_colors_info=\u00bb{}\u00bb]<a href=\"mailto:info@rtiseguros.com\" style=\"background-color: #e9ff00; color: #0037a5;\">info@rtiseguros.com<\/a><\/p>\n<p><span style=\"background-color: #e9ff00; color: #0037a5;\"> Tel: +503 77975248<\/span><span> <img loading=\"lazy\" decoding=\"async\" src=\"https:\/\/rtiseguros.com\/wp-content\/uploads\/2023\/08\/whatsapp.png\" width=\"20\" height=\"20\" alt=\"\" class=\"wp-image-437 alignnone size-full\" \/><\/span>[\/et_pb_text][\/et_pb_column][et_pb_column type=\u00bb1_4&#8243; _builder_version=\u00bb4.16&#8243; custom_padding=\u00bb|50px|||false|false\u00bb custom_padding_tablet=\u00bb|0px|||false|false\u00bb custom_padding_phone=\u00bb\u00bb custom_padding_last_edited=\u00bbon|tablet\u00bb global_colors_info=\u00bb{}\u00bb][et_pb_text _builder_version=\u00bb4.22.0&#8243; text_font=\u00bbDarker Grotesque|600|||||||\u00bb text_text_color=\u00bb#0032a0&#8243; text_font_size=\u00bb18px\u00bb text_line_height=\u00bb1.4em\u00bb header_text_color=\u00bb#0032a0&#8243; header_4_font=\u00bbDarker Grotesque|900|||||||\u00bb header_4_text_color=\u00bb#0032a0&#8243; header_4_font_size=\u00bb22px\u00bb header_4_line_height=\u00bb1.4em\u00bb global_colors_info=\u00bb{}\u00bb]<\/p>\n<h4>ADQUIERE TU SEGURO DESDE TU CELULAR<\/h4>\n<p>[\/et_pb_text][et_pb_button button_url=\u00bbhttps:\/\/rtiseguros.com\/?page_id=151&#8243; button_text=\u00bb\u00a1AGENDA TU CITA YA!\u00bb button_alignment=\u00bbcenter\u00bb _builder_version=\u00bb4.22.0&#8243; _module_preset=\u00bbdefault\u00bb custom_button=\u00bbon\u00bb button_text_size=\u00bb12px\u00bb button_text_color=\u00bb#EDF000&#8243; button_bg_color=\u00bb#0032a0&#8243; button_border_width=\u00bb0px\u00bb button_border_color=\u00bbRGBA(255,255,255,0)\u00bb button_border_radius=\u00bb0px\u00bb button_letter_spacing=\u00bb1px\u00bb button_font=\u00bbDarker Grotesque|900|||||||\u00bb button_use_icon=\u00bboff\u00bb custom_padding=\u00bb5px|10px|5px|10px|false|false\u00bb global_colors_info=\u00bb{}\u00bb][\/et_pb_button][\/et_pb_column][\/et_pb_row][\/et_pb_section]<\/p>\n","protected":false},"excerpt":{"rendered":"<p>Estamos comprometidos a que multipliques y protejas tu patrimonio, a trav\u00e9s de nuestras asesor\u00edas personalizadas por lo que te ayudaremos a que administres problemas como:<div class=\"et_pb_module wdcl_image_carousel wdcl_image_carousel_0\">\n\t\t\t\t\n\t\t\t\t\n\t\t\t\t\n\t\t\t\t\n\t\t\t\t\n\t\t\t\t\n\t\t\t\t<div class=\"et_pb_module_inner\">\n\t\t\t\t\t<div dir=\"ltr\" class=\"wdcl-carousel wdcl-image-carousel wdcl-carousel-frontend wdcl-lightbox-off\" data-pagi=\"false\"\n\t\t\tdata-pagi-tablet=\"false\"\n\t\t\tdata-pagi-phone=\"false\"\n\t\t\tdata-nav=\"true\"\n\t\t\tdata-nav-tablet=\"true\"\n\t\t\tdata-nav-phone=\"true\"\n\t\t\tdata-autoplay=\"on\"\n\t\t\tdata-autoplay-speed=\"1000ms\"\n\t\t\tdata-speed=\"2700ms\"\n\t\t\tdata-slides=\"3\"\n\t\t\tdata-slides-tablet=\"3\"\n\t\t\tdata-slides-phone=\"3\"\n\t\t\tdata-center=\"off\"\n\t\t\tdata-center-mode-type=\"classic\"\n\t\t\tdata-center-padding=\"70px||\"\n\t\t\tdata-vertical=\"off\"\n\t\t\tdata-icon-left=\"4\"\n\t\t\tdata-icon-right=\"5\"\n\t\t\tdata-infinite=\"on\"\n\t\t\tdata-variable-width=\"on\"\n\t\t\tdata-auto-height=\"off\"\n\t\t\tdata-items-scroll=\"1||\"\n\t\t\tdata-fade=\"off\"\n\t\t\tdata-dir=\"ltr\" >\n                \n            <\/div>\n\t\t\t\t<\/div>\n\t\t\t<\/div><div class=\"wdcl_image_carousel_child wdcl_image_carousel_child_0 wdc_et_pb_module\">\n\t\t\t\t\n\t\t\t\t\n\t\t\t\t\n\t\t\t\t\n\t\t\t\t\n\t\t\t\t\n\t\t\t\t<div class=\"et_pb_module_inner\">\n\t\t\t\t\t<div class=\"wdcl-carousel-item wdcl-image-carousel-item wdcl-swapped-img-selector wdcl-hover--none\">\n\t\t\t\t<figure class=\"wdcl-lightbox-ctrl\">\n\t\t\t\t<div class=\"wdcl-overlay\" data-icon=\"\"><\/div>\n\t\t\t\t<img decoding=\"async\" class=\"wdcl-main-img\" data-mfp-src=\"\u00bbhttps:\/\/rtiseguros.com\/wp-content\/uploads\/2023\/08\/inicio_5.jpg\u00bb\" src=\"\u00bbhttps:\/\/rtiseguros.com\/wp-content\/uploads\/2023\/08\/inicio_5.jpg\u00bb\" alt=\"\"\/>\n            <\/figure> <div class=\"content content--\u00bbcenter\u00bb content--absolute\"><div class=\"content-inner\"> <h3 class=\"wdcl-image-title\">\u00bbPERDIDA<\/h3>  <\/div><\/div>\n\t\t\t<\/div>\n\t\t\t\t<\/div>\n\t\t\t<\/div><\/p>\n","protected":false},"author":1,"featured_media":0,"parent":0,"menu_order":0,"comment_status":"closed","ping_status":"closed","template":"","meta":{"_et_pb_use_builder":"on","_et_pb_old_content":"<!-- wp:divi\/placeholder \/-->","_et_gb_content_width":"","_joinchat":[],"footnotes":""},"class_list":["post-35","page","type-page","status-publish","hentry"],"aioseo_notices":[],"_links":{"self":[{"href":"https:\/\/rtiseguros.com\/index.php?rest_route=\/wp\/v2\/pages\/35","targetHints":{"allow":["GET"]}}],"collection":[{"href":"https:\/\/rtiseguros.com\/index.php?rest_route=\/wp\/v2\/pages"}],"about":[{"href":"https:\/\/rtiseguros.com\/index.php?rest_route=\/wp\/v2\/types\/page"}],"author":[{"embeddable":true,"href":"https:\/\/rtiseguros.com\/index.php?rest_route=\/wp\/v2\/users\/1"}],"replies":[{"embeddable":true,"href":"https:\/\/rtiseguros.com\/index.php?rest_route=%2Fwp%2Fv2%2Fcomments&post=35"}],"version-history":[{"count":98,"href":"https:\/\/rtiseguros.com\/index.php?rest_route=\/wp\/v2\/pages\/35\/revisions"}],"predecessor-version":[{"id":538,"href":"https:\/\/rtiseguros.com\/index.php?rest_route=\/wp\/v2\/pages\/35\/revisions\/538"}],"wp:attachment":[{"href":"https:\/\/rtiseguros.com\/index.php?rest_route=%2Fwp%2Fv2%2Fmedia&parent=35"}],"curies":[{"name":"wp","href":"https:\/\/api.w.org\/{rel}","templated":true}]}}