{"id":333,"date":"2023-08-26T09:12:43","date_gmt":"2023-08-26T15:12:43","guid":{"rendered":"https:\/\/rtiseguros.com\/?page_id=333"},"modified":"2023-09-04T09:33:23","modified_gmt":"2023-09-04T15:33:23","slug":"inicio-3-2","status":"publish","type":"page","link":"https:\/\/rtiseguros.com\/?page_id=333","title":{"rendered":"EMPRESAS"},"content":{"rendered":"<p>[et_pb_section fb_built=\u00bb1&#8243; admin_label=\u00bbTestimonial\u00bb _builder_version=\u00bb4.22.0&#8243; background_color=\u00bb#00aeca\u00bb background_enable_image=\u00bboff\u00bb background_size=\u00bbinitial\u00bb background_position=\u00bbtop_center\u00bb global_colors_info=\u00bb{}\u00bb][et_pb_row _builder_version=\u00bb4.16&#8243; max_width=\u00bb750px\u00bb module_alignment=\u00bbcenter\u00bb global_colors_info=\u00bb{}\u00bb][et_pb_column type=\u00bb4_4&#8243; _builder_version=\u00bb4.16&#8243; global_colors_info=\u00bb{}\u00bb][et_pb_text _builder_version=\u00bb4.22.0&#8243; _module_preset=\u00bbdefault\u00bb header_3_text_align=\u00bbcenter\u00bb header_3_text_color=\u00bb#0032a0&#8243; header_3_line_height=\u00bb1.2em\u00bb global_colors_info=\u00bb{}\u00bb]<\/p>\n<h3>Ofrecemos asesor\u00eda tanto presencial como en l\u00ednea, para que puedas elegir la opci\u00f3n que mejor se adapte a tus necesidades y preferencias.<\/h3>\n<p>[\/et_pb_text][\/et_pb_column][\/et_pb_row][et_pb_row _builder_version=\u00bb4.16&#8243; max_width=\u00bb750px\u00bb module_alignment=\u00bbcenter\u00bb global_colors_info=\u00bb{}\u00bb][et_pb_column type=\u00bb4_4&#8243; _builder_version=\u00bb4.16&#8243; global_colors_info=\u00bb{}\u00bb][et_pb_button button_url=\u00bb#\u00bb button_text=\u00bbEMPRESAS\u00bb button_alignment=\u00bbcenter\u00bb _builder_version=\u00bb4.22.0&#8243; _module_preset=\u00bbdefault\u00bb custom_button=\u00bbon\u00bb button_text_color=\u00bb#EDF000&#8243; button_bg_color=\u00bb#0032a0&#8243; button_border_color=\u00bbRGBA(255,255,255,0)\u00bb button_border_radius=\u00bb0px\u00bb button_letter_spacing=\u00bb3px\u00bb button_font=\u00bbDarker Grotesque|900|||||||\u00bb button_use_icon=\u00bboff\u00bb custom_padding=\u00bb1px|40px|15px|40px|false|false\u00bb global_colors_info=\u00bb{}\u00bb][\/et_pb_button][\/et_pb_column][\/et_pb_row][\/et_pb_section][et_pb_section fb_built=\u00bb1&#8243; admin_label=\u00bbFeatures\u00bb _builder_version=\u00bb4.22.0&#8243; background_color=\u00bb#0032a0&#8243; background_enable_image=\u00bboff\u00bb background_size=\u00bbinitial\u00bb background_position=\u00bbbottom_center\u00bb custom_padding=\u00bb52px||35px|||\u00bb module_alignment_tablet=\u00bbcenter\u00bb module_alignment_last_edited=\u00bboff|tablet\u00bb border_color_all=\u00bbRGBA(255,255,255,0)\u00bb global_colors_info=\u00bb{}\u00bb][et_pb_row column_structure=\u00bb1_2,1_2&#8243; _builder_version=\u00bb4.22.0&#8243; _module_preset=\u00bbdefault\u00bb global_colors_info=\u00bb{}\u00bb][et_pb_column type=\u00bb1_2&#8243; _builder_version=\u00bb4.22.0&#8243; _module_preset=\u00bbdefault\u00bb global_colors_info=\u00bb{}\u00bb][et_pb_blurb title=\u00bbSEGURO DE SOCIOS\u00bb image=\u00bbhttps:\/\/rtiseguros.com\/wp-content\/uploads\/2023\/08\/empresas_segurosocios.jpg\u00bb _builder_version=\u00bb4.22.0&#8243; _module_preset=\u00bbdefault\u00bb header_text_align=\u00bbjustify\u00bb header_text_color=\u00bb#EDF000&#8243; body_text_align=\u00bbjustify\u00bb body_text_color=\u00bb#FFFFFF\u00bb global_colors_info=\u00bb{}\u00bb]<\/p>\n<p>Sabes lo importante que es contar con un equipo de socios y accionistas comprometidos y capaces. Sin embargo, la vida puede ser impredecible y es posible que uno de ellos fallezca o tenga una invalidez permanente, lo que puede tener un impacto financiero significativo en la empresa. Para protegerte contra esta situaci\u00f3n, ofrecemos un seguro de socio que te permite financiar la compra de las acciones del socio o accionista faltante en caso de fallecimiento o invalidez permanente. De esta manera, puedes asegurarte de que la empresa contin\u00fae funcionando sin interrupciones y de que los intereses de todos los socios y accionistas est\u00e9n protegidos<br \/>Asesoria personalizada.<\/p>\n<p>[\/et_pb_blurb][et_pb_button button_url=\u00bbhttps:\/\/rtiseguros.com\/?page_id=151&#8243; button_text=\u00bbM\u00e1s informaci\u00f3n\u00bb button_alignment=\u00bbcenter\u00bb _builder_version=\u00bb4.22.0&#8243; _module_preset=\u00bbdefault\u00bb custom_button=\u00bbon\u00bb button_text_color=\u00bb#EDF000&#8243; background_layout=\u00bbdark\u00bb global_colors_info=\u00bb{}\u00bb][\/et_pb_button][\/et_pb_column][et_pb_column type=\u00bb1_2&#8243; _builder_version=\u00bb4.22.0&#8243; _module_preset=\u00bbdefault\u00bb global_colors_info=\u00bb{}\u00bb][et_pb_blurb title=\u00bbMAQUINARIA Y EQUIPO\u00bb image=\u00bbhttps:\/\/rtiseguros.com\/wp-content\/uploads\/2023\/08\/empresas_maquinaria-1.jpg\u00bb _builder_version=\u00bb4.22.0&#8243; _module_preset=\u00bbdefault\u00bb header_text_align=\u00bbjustify\u00bb header_text_color=\u00bb#EDF000&#8243; body_text_align=\u00bbjustify\u00bb body_text_color=\u00bb#FFFFFF\u00bb global_colors_info=\u00bb{}\u00bb]<\/p>\n<p>Sabemos que la maquinaria y los equipos son una parte fundamental de muchas empresas y que su p\u00e9rdida o da\u00f1o puede tener un impacto significativo en el patrimonio de nuestros asegurados. Por eso, ofrecemos un seguro de maquinaria y equipo que protege contra p\u00e9rdidas y\/o da\u00f1os materiales de m\u00e1quinas y equipos, como maquinaria amarilla y agr\u00edcola, causados por diversos factores como incendios, volcamientos, inundaciones y fen\u00f3menos naturales, entre otros. Nuestro seguro de maquinaria y equipo est\u00e1 dise\u00f1ado para brindar tranquilidad a nuestros asegurados, permiti\u00e9ndoles proteger su patrimonio y minimizar los riesgos asociados con la operaci\u00f3n de maquinaria y equipos. \u00a1Cont\u00e1ctanos hoy mismo y descubre c\u00f3mo podemos ayudarte a proteger tu maquinaria y equipo de forma efectiva y asequible!<\/p>\n<p>[\/et_pb_blurb][et_pb_button button_url=\u00bbhttps:\/\/rtiseguros.com\/?page_id=151&#8243; button_text=\u00bbM\u00e1s informaci\u00f3n\u00bb button_alignment=\u00bbcenter\u00bb _builder_version=\u00bb4.22.0&#8243; _module_preset=\u00bbdefault\u00bb custom_button=\u00bbon\u00bb button_text_color=\u00bb#EDF000&#8243; background_layout=\u00bbdark\u00bb global_colors_info=\u00bb{}\u00bb][\/et_pb_button][\/et_pb_column][\/et_pb_row][et_pb_row column_structure=\u00bb1_2,1_2&#8243; _builder_version=\u00bb4.22.0&#8243; _module_preset=\u00bbdefault\u00bb global_colors_info=\u00bb{}\u00bb][et_pb_column type=\u00bb1_2&#8243; _builder_version=\u00bb4.22.0&#8243; _module_preset=\u00bbdefault\u00bb global_colors_info=\u00bb{}\u00bb][et_pb_blurb title=\u00bbFLOTA AUTOMOTORES Y MOTOS\u00bb image=\u00bbhttps:\/\/rtiseguros.com\/wp-content\/uploads\/2023\/08\/empresas_autos_motos.jpg\u00bb _builder_version=\u00bb4.22.0&#8243; _module_preset=\u00bbdefault\u00bb header_text_align=\u00bbjustify\u00bb header_text_color=\u00bb#EDF000&#8243; body_text_align=\u00bbjustify\u00bb body_text_color=\u00bb#FFFFFF\u00bb global_colors_info=\u00bb{}\u00bb]<\/p>\n<p>El seguro de veh\u00edculos comerciales est\u00e1 dirigido a propietarios de negocios que utilizan uno o m\u00e1s veh\u00edculos para fines comerciales.<br \/>\u00a1Cont\u00e1ctanos hoy mismo y descubre\u00a0c\u00f3mo podemos ayudarte a proteger tu flota de forma efectiva y accesible!<\/p>\n<p>[\/et_pb_blurb][et_pb_button button_url=\u00bbhttps:\/\/rtiseguros.com\/?page_id=151&#8243; button_text=\u00bbM\u00e1s informaci\u00f3n\u00bb button_alignment=\u00bbcenter\u00bb _builder_version=\u00bb4.22.0&#8243; _module_preset=\u00bbdefault\u00bb custom_button=\u00bbon\u00bb button_text_color=\u00bb#EDF000&#8243; background_layout=\u00bbdark\u00bb global_colors_info=\u00bb{}\u00bb][\/et_pb_button][\/et_pb_column][et_pb_column type=\u00bb1_2&#8243; _builder_version=\u00bb4.22.0&#8243; _module_preset=\u00bbdefault\u00bb global_colors_info=\u00bb{}\u00bb][et_pb_blurb title=\u00bbCOLECTIVOS M\u00c9DICOS, VIDAS Y ACCIDENTES PERSONALES\u00bb image=\u00bbhttps:\/\/rtiseguros.com\/wp-content\/uploads\/2023\/08\/empresas_colaboradores.jpg\u00bb _builder_version=\u00bb4.22.0&#8243; _module_preset=\u00bbdefault\u00bb header_text_align=\u00bbjustify\u00bb header_text_color=\u00bb#EDF000&#8243; body_text_align=\u00bbjustify\u00bb body_text_color=\u00bb#FFFFFF\u00bb global_colors_info=\u00bb{}\u00bb]<\/p>\n<p>Protege a tus colaboradores, parte esencial para el crecimiento de tu empresa. El sentirse protegido con un seguro de vida y gastos m\u00e9dicos, es de gran valor.<\/p>\n<p>[\/et_pb_blurb][et_pb_button button_url=\u00bbhttps:\/\/rtiseguros.com\/?page_id=151&#8243; button_text=\u00bbM\u00e1s informaci\u00f3n\u00bb button_alignment=\u00bbcenter\u00bb _builder_version=\u00bb4.22.0&#8243; _module_preset=\u00bbdefault\u00bb custom_button=\u00bbon\u00bb button_text_color=\u00bb#EDF000&#8243; background_layout=\u00bbdark\u00bb global_colors_info=\u00bb{}\u00bb][\/et_pb_button][\/et_pb_column][\/et_pb_row][et_pb_row column_structure=\u00bb1_2,1_2&#8243; _builder_version=\u00bb4.22.0&#8243; _module_preset=\u00bbdefault\u00bb global_colors_info=\u00bb{}\u00bb][et_pb_column type=\u00bb1_2&#8243; _builder_version=\u00bb4.22.0&#8243; _module_preset=\u00bbdefault\u00bb global_colors_info=\u00bb{}\u00bb][et_pb_blurb title=\u00bbFIANZAS\u00bb image=\u00bbhttps:\/\/rtiseguros.com\/wp-content\/uploads\/2023\/08\/empresas_fianza.jpg\u00bb _builder_version=\u00bb4.22.0&#8243; _module_preset=\u00bbdefault\u00bb header_text_align=\u00bbjustify\u00bb header_text_color=\u00bb#EDF000&#8243; body_text_align=\u00bbjustify\u00bb body_text_color=\u00bb#FFFFFF\u00bb global_colors_info=\u00bb{}\u00bb]<\/p>\n<p>La fianza es la\u00a0garant\u00eda que se utiliza para asegurar el pago de una obligaci\u00f3n.<br \/>Tipos de fianza:\u00a0Sostenimiento de oferta, anticipo, cumplimiento (en tiempo y forma), buena calidad (vicios ocultos) entre otros.<\/p>\n<p>[\/et_pb_blurb][et_pb_button button_url=\u00bbhttps:\/\/rtiseguros.com\/?page_id=151&#8243; button_text=\u00bbM\u00e1s informaci\u00f3n\u00bb button_alignment=\u00bbcenter\u00bb _builder_version=\u00bb4.22.0&#8243; _module_preset=\u00bbdefault\u00bb custom_button=\u00bbon\u00bb button_text_color=\u00bb#EDF000&#8243; background_layout=\u00bbdark\u00bb global_colors_info=\u00bb{}\u00bb][\/et_pb_button][\/et_pb_column][et_pb_column type=\u00bb1_2&#8243; _builder_version=\u00bb4.22.0&#8243; _module_preset=\u00bbdefault\u00bb global_colors_info=\u00bb{}\u00bb][et_pb_blurb title=\u00bbRIESGOS DIVERSOS, INVENTARIO, INFRAESTRUCTURA\u00bb image=\u00bbhttps:\/\/rtiseguros.com\/wp-content\/uploads\/2023\/09\/riesgos.jpg\u00bb _builder_version=\u00bb4.22.0&#8243; _module_preset=\u00bbdefault\u00bb header_text_align=\u00bbjustify\u00bb header_text_color=\u00bb#EDF000&#8243; body_text_align=\u00bbjustify\u00bb body_text_color=\u00bb#FFFFFF\u00bb global_colors_info=\u00bb{}\u00bb]<\/p>\n<p>Este tipo de seguro cubre una variedad de riesgos potenciales, que podr\u00eda afectar sus bienes, construcciones y otros. Estos riesgos pueden incluir: incendios, inundaciones, terremotos y otros riesgos imprevistos. Contactanos podemos brindarte una asesor\u00eda integral.<\/p>\n<p>[\/et_pb_blurb][et_pb_button button_url=\u00bbhttps:\/\/rtiseguros.com\/?page_id=151&#8243; button_text=\u00bbM\u00e1s informaci\u00f3n\u00bb button_alignment=\u00bbcenter\u00bb _builder_version=\u00bb4.22.0&#8243; _module_preset=\u00bbdefault\u00bb custom_button=\u00bbon\u00bb button_text_color=\u00bb#EDF000&#8243; background_layout=\u00bbdark\u00bb global_colors_info=\u00bb{}\u00bb][\/et_pb_button][\/et_pb_column][\/et_pb_row][\/et_pb_section][et_pb_section fb_built=\u00bb1&#8243; admin_label=\u00bbTestimonial\u00bb _builder_version=\u00bb4.22.0&#8243; background_color=\u00bb#00aeca\u00bb background_enable_image=\u00bboff\u00bb background_size=\u00bbinitial\u00bb background_position=\u00bbtop_center\u00bb global_colors_info=\u00bb{}\u00bb][et_pb_row _builder_version=\u00bb4.16&#8243; max_width=\u00bb750px\u00bb module_alignment=\u00bbcenter\u00bb global_colors_info=\u00bb{}\u00bb][et_pb_column type=\u00bb4_4&#8243; _builder_version=\u00bb4.16&#8243; global_colors_info=\u00bb{}\u00bb][et_pb_image _builder_version=\u00bb4.22.0&#8243; global_colors_info=\u00bb{}\u00bb][\/et_pb_image][et_pb_text _builder_version=\u00bb4.22.0&#8243; text_font=\u00bbDarker Grotesque|900|||||||\u00bb text_text_color=\u00bb#0032a0&#8243; text_font_size=\u00bb40px\u00bb text_line_height=\u00bb1.4em\u00bb text_font_size_tablet=\u00bb30px\u00bb text_font_size_phone=\u00bb24px\u00bb text_font_size_last_edited=\u00bbon|phone\u00bb global_colors_info=\u00bb{}\u00bb]<\/p>\n<p style=\"text-align: center;\">Ded\u00edcate a vivir nosotros nos preocupamos por t\u00fa tranquilidad\u200b<\/p>\n<p>[\/et_pb_text][et_pb_button button_url=\u00bbhttps:\/\/rtiseguros.com\/?page_id=117&#8243; button_text=\u00bbM\u00e1s informaci\u00f3n\u00bb button_alignment=\u00bbcenter\u00bb _builder_version=\u00bb4.22.0&#8243; _module_preset=\u00bbdefault\u00bb custom_button=\u00bbon\u00bb button_text_color=\u00bb#EDF000&#8243; button_bg_color=\u00bb#0032a0&#8243; button_border_color=\u00bbRGBA(255,255,255,0)\u00bb button_border_radius=\u00bb0px\u00bb button_letter_spacing=\u00bb3px\u00bb button_font=\u00bbDarker Grotesque|900|||||||\u00bb button_use_icon=\u00bboff\u00bb custom_padding=\u00bb1px|40px|15px|40px|false|false\u00bb hover_enabled=\u00bb0&#8243; global_colors_info=\u00bb{}\u00bb sticky_enabled=\u00bb0&#8243;][\/et_pb_button][\/et_pb_column][\/et_pb_row][\/et_pb_section][et_pb_section fb_built=\u00bb1&#8243; admin_label=\u00bbFooter\u00bb _builder_version=\u00bb4.22.0&#8243; background_enable_color=\u00bboff\u00bb use_background_color_gradient=\u00bbon\u00bb background_color_gradient_stops=\u00bb#ffffff 1%|rgba(255,255,255,0.06) 100%\u00bb background_color_gradient_overlays_image=\u00bbon\u00bb background_color_gradient_start=\u00bbrgba(249,243,232,0.85)\u00bb background_color_gradient_end=\u00bbrgba(249,243,232,0.9)\u00bb background_image=\u00bbhttps:\/\/rtiseguros.com\/wp-content\/uploads\/2023\/08\/contacto_lowRti.jpg\u00bb locked=\u00bboff\u00bb global_colors_info=\u00bb{}\u00bb][et_pb_row column_structure=\u00bb1_4,1_4,1_4,1_4&#8243; _builder_version=\u00bb4.16&#8243; locked=\u00bboff\u00bb global_colors_info=\u00bb{}\u00bb][et_pb_column type=\u00bb1_4&#8243; _builder_version=\u00bb4.16&#8243; global_colors_info=\u00bb{}\u00bb][et_pb_image src=\u00bbhttps:\/\/rtiseguros.com\/wp-content\/uploads\/2023\/08\/logo-1.png\u00bb title_text=\u00bblogo-1&#8243; _builder_version=\u00bb4.22.0&#8243; global_colors_info=\u00bb{}\u00bb][\/et_pb_image][\/et_pb_column][et_pb_column type=\u00bb1_4&#8243; _builder_version=\u00bb4.16&#8243; global_colors_info=\u00bb{}\u00bb][et_pb_text _builder_version=\u00bb4.22.0&#8243; _module_preset=\u00bbdefault\u00bb text_text_color=\u00bb#0032a0&#8243; global_colors_info=\u00bb{}\u00bb]<\/p>\n<p>Direcci\u00f3n: Calle La Reforma #209, San Salvador, El Salvador.<\/p>\n<p>Lu &#8211; Vie de 7:00 am a 5:00 pm<\/p>\n<p>[\/et_pb_text][\/et_pb_column][et_pb_column type=\u00bb1_4&#8243; _builder_version=\u00bb4.16&#8243; custom_padding=\u00bb|50px|||false|false\u00bb custom_padding_tablet=\u00bb|0px|||false|false\u00bb custom_padding_phone=\u00bb\u00bb custom_padding_last_edited=\u00bbon|tablet\u00bb global_colors_info=\u00bb{}\u00bb][et_pb_text _builder_version=\u00bb4.22.0&#8243; _module_preset=\u00bbdefault\u00bb text_text_color=\u00bb#0032a0&#8243; global_colors_info=\u00bb{}\u00bb]<a href=\"mailto:info@rtiseguros.com\" style=\"background-color: #e9ff00; color: #0037a5;\">info@rtiseguros.com<\/a><\/p>\n<p><span style=\"background-color: #e9ff00; color: #0037a5;\"> Tel: +503 77975248<\/span><span> <img loading=\"lazy\" decoding=\"async\" src=\"https:\/\/rtiseguros.com\/wp-content\/uploads\/2023\/08\/whatsapp.png\" width=\"20\" height=\"20\" alt=\"\" class=\"wp-image-437 alignnone size-full\" \/><\/span>[\/et_pb_text][\/et_pb_column][et_pb_column type=\u00bb1_4&#8243; _builder_version=\u00bb4.16&#8243; custom_padding=\u00bb|50px|||false|false\u00bb custom_padding_tablet=\u00bb|0px|||false|false\u00bb custom_padding_phone=\u00bb\u00bb custom_padding_last_edited=\u00bbon|tablet\u00bb global_colors_info=\u00bb{}\u00bb][et_pb_text _builder_version=\u00bb4.22.0&#8243; text_font=\u00bbDarker Grotesque|600|||||||\u00bb text_text_color=\u00bb#0032a0&#8243; text_font_size=\u00bb18px\u00bb text_line_height=\u00bb1.4em\u00bb header_text_color=\u00bb#0032a0&#8243; header_4_font=\u00bbDarker Grotesque|900|||||||\u00bb header_4_text_color=\u00bb#0032a0&#8243; header_4_font_size=\u00bb22px\u00bb header_4_line_height=\u00bb1.4em\u00bb global_colors_info=\u00bb{}\u00bb]<\/p>\n<h4>ADQUIERE TU SEGURO DESDE TU CELULAR<\/h4>\n<p>[\/et_pb_text][et_pb_button button_url=\u00bbhttps:\/\/rtiseguros.com\/?page_id=151&#8243; button_text=\u00bb\u00a1AGENDA TU CITA YA!\u00bb button_alignment=\u00bbcenter\u00bb _builder_version=\u00bb4.22.0&#8243; _module_preset=\u00bbdefault\u00bb custom_button=\u00bbon\u00bb button_text_size=\u00bb12px\u00bb button_text_color=\u00bb#EDF000&#8243; button_bg_color=\u00bb#0032a0&#8243; button_border_width=\u00bb0px\u00bb button_border_color=\u00bbRGBA(255,255,255,0)\u00bb button_border_radius=\u00bb0px\u00bb button_letter_spacing=\u00bb1px\u00bb button_font=\u00bbDarker Grotesque|900|||||||\u00bb button_use_icon=\u00bboff\u00bb custom_padding=\u00bb5px|10px|5px|10px|false|false\u00bb global_colors_info=\u00bb{}\u00bb][\/et_pb_button][\/et_pb_column][\/et_pb_row][\/et_pb_section]<\/p>\n","protected":false},"excerpt":{"rendered":"<p>Ofrecemos asesor\u00eda tanto presencial como en l\u00ednea, para que puedas elegir la opci\u00f3n que mejor se adapte a tus necesidades y preferencias.Sabes lo importante que es contar con un equipo de socios y accionistas comprometidos y capaces. Sin embargo, la vida puede ser impredecible y es posible que uno de ellos fallezca o tenga una [&hellip;]<\/p>\n","protected":false},"author":1,"featured_media":0,"parent":0,"menu_order":0,"comment_status":"closed","ping_status":"closed","template":"","meta":{"_et_pb_use_builder":"on","_et_pb_old_content":"<!-- wp:divi\/placeholder \/-->","_et_gb_content_width":"","_joinchat":[],"footnotes":""},"class_list":["post-333","page","type-page","status-publish","hentry"],"aioseo_notices":[],"_links":{"self":[{"href":"https:\/\/rtiseguros.com\/index.php?rest_route=\/wp\/v2\/pages\/333","targetHints":{"allow":["GET"]}}],"collection":[{"href":"https:\/\/rtiseguros.com\/index.php?rest_route=\/wp\/v2\/pages"}],"about":[{"href":"https:\/\/rtiseguros.com\/index.php?rest_route=\/wp\/v2\/types\/page"}],"author":[{"embeddable":true,"href":"https:\/\/rtiseguros.com\/index.php?rest_route=\/wp\/v2\/users\/1"}],"replies":[{"embeddable":true,"href":"https:\/\/rtiseguros.com\/index.php?rest_route=%2Fwp%2Fv2%2Fcomments&post=333"}],"version-history":[{"count":26,"href":"https:\/\/rtiseguros.com\/index.php?rest_route=\/wp\/v2\/pages\/333\/revisions"}],"predecessor-version":[{"id":531,"href":"https:\/\/rtiseguros.com\/index.php?rest_route=\/wp\/v2\/pages\/333\/revisions\/531"}],"wp:attachment":[{"href":"https:\/\/rtiseguros.com\/index.php?rest_route=%2Fwp%2Fv2%2Fmedia&parent=333"}],"curies":[{"name":"wp","href":"https:\/\/api.w.org\/{rel}","templated":true}]}}