{"id":325,"date":"2023-08-26T09:02:40","date_gmt":"2023-08-26T15:02:40","guid":{"rendered":"https:\/\/rtiseguros.com\/?page_id=325"},"modified":"2023-09-04T09:33:58","modified_gmt":"2023-09-04T15:33:58","slug":"inicio-3","status":"publish","type":"page","link":"https:\/\/rtiseguros.com\/?page_id=325","title":{"rendered":"PERSONAS"},"content":{"rendered":"<p>[et_pb_section fb_built=\u00bb1&#8243; admin_label=\u00bbTestimonial\u00bb _builder_version=\u00bb4.22.0&#8243; background_color=\u00bb#00aeca\u00bb background_enable_image=\u00bboff\u00bb background_size=\u00bbinitial\u00bb background_position=\u00bbtop_center\u00bb global_colors_info=\u00bb{}\u00bb][et_pb_row _builder_version=\u00bb4.16&#8243; max_width=\u00bb750px\u00bb module_alignment=\u00bbcenter\u00bb global_colors_info=\u00bb{}\u00bb][et_pb_column type=\u00bb4_4&#8243; _builder_version=\u00bb4.16&#8243; global_colors_info=\u00bb{}\u00bb][et_pb_text _builder_version=\u00bb4.22.0&#8243; _module_preset=\u00bbdefault\u00bb header_3_text_align=\u00bbcenter\u00bb header_3_text_color=\u00bb#0032a0&#8243; header_3_line_height=\u00bb1.2em\u00bb global_colors_info=\u00bb{}\u00bb]<\/p>\n<h3>Ofrecemos asesor\u00eda tanto presencial como en l\u00ednea, para que puedas elegir la opci\u00f3n que mejor se adapte a tus necesidades y preferencias.<\/h3>\n<p>[\/et_pb_text][\/et_pb_column][\/et_pb_row][et_pb_row _builder_version=\u00bb4.16&#8243; max_width=\u00bb750px\u00bb module_alignment=\u00bbcenter\u00bb global_colors_info=\u00bb{}\u00bb][et_pb_column type=\u00bb4_4&#8243; _builder_version=\u00bb4.16&#8243; global_colors_info=\u00bb{}\u00bb][et_pb_button button_url=\u00bb#\u00bb button_text=\u00bbPERSONAS\u00bb button_alignment=\u00bbcenter\u00bb _builder_version=\u00bb4.22.0&#8243; _module_preset=\u00bbdefault\u00bb custom_button=\u00bbon\u00bb button_text_color=\u00bb#EDF000&#8243; button_bg_color=\u00bb#0032a0&#8243; button_border_color=\u00bbRGBA(255,255,255,0)\u00bb button_border_radius=\u00bb0px\u00bb button_letter_spacing=\u00bb3px\u00bb button_font=\u00bbDarker Grotesque|900|||||||\u00bb button_use_icon=\u00bboff\u00bb custom_padding=\u00bb1px|40px|15px|40px|false|false\u00bb global_colors_info=\u00bb{}\u00bb][\/et_pb_button][\/et_pb_column][\/et_pb_row][\/et_pb_section][et_pb_section fb_built=\u00bb1&#8243; admin_label=\u00bbFeatures\u00bb _builder_version=\u00bb4.22.0&#8243; background_color=\u00bb#0032a0&#8243; background_enable_image=\u00bboff\u00bb background_size=\u00bbinitial\u00bb background_position=\u00bbbottom_center\u00bb custom_padding=\u00bb52px||35px|||\u00bb module_alignment_tablet=\u00bbcenter\u00bb module_alignment_last_edited=\u00bboff|tablet\u00bb border_color_all=\u00bbRGBA(255,255,255,0)\u00bb global_colors_info=\u00bb{}\u00bb][et_pb_row column_structure=\u00bb1_2,1_2&#8243; _builder_version=\u00bb4.22.0&#8243; _module_preset=\u00bbdefault\u00bb global_colors_info=\u00bb{}\u00bb][et_pb_column type=\u00bb1_2&#8243; _builder_version=\u00bb4.22.0&#8243; _module_preset=\u00bbdefault\u00bb global_colors_info=\u00bb{}\u00bb][et_pb_blurb title=\u00bbPLANES DE EDUCACI\u00d3N\u00bb image=\u00bbhttps:\/\/rtiseguros.com\/wp-content\/uploads\/2023\/08\/personal_educacion-1.jpg\u00bb _builder_version=\u00bb4.22.0&#8243; _module_preset=\u00bbdefault\u00bb header_text_align=\u00bbjustify\u00bb header_text_color=\u00bb#EDF000&#8243; body_text_align=\u00bbjustify\u00bb body_text_color=\u00bb#FFFFFF\u00bb global_colors_info=\u00bb{}\u00bb]<\/p>\n<p>\u00bfQuieres asegurarte de que tus hijos tengan acceso a la mejor educaci\u00f3n posible? \u00a1Entonces est\u00e1s en el lugar correcto! Sabemos que pagar todos los gastos educativos de una sola vez puede ser abrumador, por eso ofrecemos opciones \u00a0que te permitir\u00e1n planificar y administrar y\u00a0mejor tus finanzas. Con nuestra asesor\u00eda podr\u00e1s brindarles a tus hijos la oportunidad de elegir, y asegurarte de que reciban la educaci\u00f3n que merecen. \u00a1Cont\u00e1ctanos hoy mismo y descubre c\u00f3mo podemos ayudarte a invertir en el futuro de tus hijos!<\/p>\n<p>[\/et_pb_blurb][et_pb_button button_url=\u00bbhttps:\/\/rtiseguros.com\/?page_id=151&#8243; button_text=\u00bbM\u00e1s informaci\u00f3n\u00bb button_alignment=\u00bbcenter\u00bb _builder_version=\u00bb4.22.0&#8243; _module_preset=\u00bbdefault\u00bb custom_button=\u00bbon\u00bb button_text_color=\u00bb#EDF000&#8243; background_layout=\u00bbdark\u00bb global_colors_info=\u00bb{}\u00bb][\/et_pb_button][\/et_pb_column][et_pb_column type=\u00bb1_2&#8243; _builder_version=\u00bb4.22.0&#8243; _module_preset=\u00bbdefault\u00bb global_colors_info=\u00bb{}\u00bb][et_pb_blurb title=\u00bbINVERSI\u00d3N Y RETIRO\u00bb image=\u00bbhttps:\/\/rtiseguros.com\/wp-content\/uploads\/2023\/08\/personal_inversion-4.jpg\u00bb _builder_version=\u00bb4.22.0&#8243; _module_preset=\u00bbdefault\u00bb header_text_align=\u00bbjustify\u00bb header_text_color=\u00bb#EDF000&#8243; body_text_align=\u00bbjustify\u00bb body_text_color=\u00bb#FFFFFF\u00bb global_colors_info=\u00bb{}\u00bb]<\/p>\n<p>\u00bfTe preocupa vivir demasiado tiempo y no tener un plan para tu vejez? \u00a1No te preocupes! A\u00fan est\u00e1s a tiempo de construir tu propio destino y asegurarte una vejez digna y c\u00f3moda. Ofrecemos opciones de planificaci\u00f3n financiera ajustadas a tu presupuesto, para que puedas comenzar a construir tu futuro financiero hoy mismo. Recuerda que el tiempo es un recurso valioso cuando se trata de dise\u00f1ar la calidad de vida que deseas para ti y para tus seres queridos. \u00a1Cont\u00e1ctanos y descubre c\u00f3mo podemos ayudarte a planificar tu futuro financiero y asegurarte una vejez digna y confortable!<\/p>\n<p>[\/et_pb_blurb][et_pb_button button_url=\u00bbhttps:\/\/rtiseguros.com\/?page_id=151&#8243; button_text=\u00bbM\u00e1s informaci\u00f3n\u00bb button_alignment=\u00bbcenter\u00bb _builder_version=\u00bb4.22.0&#8243; _module_preset=\u00bbdefault\u00bb custom_button=\u00bbon\u00bb button_text_color=\u00bb#EDF000&#8243; background_layout=\u00bbdark\u00bb global_colors_info=\u00bb{}\u00bb][\/et_pb_button][\/et_pb_column][\/et_pb_row][et_pb_row column_structure=\u00bb1_2,1_2&#8243; _builder_version=\u00bb4.22.0&#8243; _module_preset=\u00bbdefault\u00bb global_colors_info=\u00bb{}\u00bb][et_pb_column type=\u00bb1_2&#8243; _builder_version=\u00bb4.22.0&#8243; _module_preset=\u00bbdefault\u00bb global_colors_info=\u00bb{}\u00bb][et_pb_blurb title=\u00bbSEGUROS DE SALUD\u00bb image=\u00bbhttps:\/\/rtiseguros.com\/wp-content\/uploads\/2023\/08\/personal_salud-1.jpg\u00bb _builder_version=\u00bb4.22.0&#8243; _module_preset=\u00bbdefault\u00bb header_text_align=\u00bbjustify\u00bb header_text_color=\u00bb#EDF000&#8243; body_text_align=\u00bbjustify\u00bb body_text_color=\u00bb#FFFFFF\u00bb global_colors_info=\u00bb{}\u00bb]<\/p>\n<p>\u201cLa libertad y la\u00a0salud\u00a0se asemejan: su verdadero valor se conoce cuando nos faltan. \u00bfTe preocupa no estar preparado para los gastos m\u00e9dicos inesperados que puedan surgir por enfermedad o accidentes? \u00a1No te preocupes! Sabemos que la salud es lo m\u00e1s importante y ofrecemos opciones de cobertura m\u00e9dica que te permitir\u00e1n estar tranquilo y protegido ante cualquier eventualidad. Contar con un seguro m\u00e9dico adecuado es vital para garantizar tu tranquilidad financiera y asegurarte de que puedas recibir la atenci\u00f3n m\u00e9dica que necesitas sin preocuparte por los costos. \u00a1Comunicate hoy mismo y descubre c\u00f3mo podemos ayudarte a proteger tu salud y tu bienestar financiero!<\/p>\n<p>[\/et_pb_blurb][et_pb_button button_url=\u00bbhttps:\/\/rtiseguros.com\/?page_id=151&#8243; button_text=\u00bbM\u00e1s informaci\u00f3n\u00bb button_alignment=\u00bbcenter\u00bb _builder_version=\u00bb4.22.0&#8243; _module_preset=\u00bbdefault\u00bb custom_button=\u00bbon\u00bb button_text_color=\u00bb#EDF000&#8243; background_layout=\u00bbdark\u00bb global_colors_info=\u00bb{}\u00bb][\/et_pb_button][\/et_pb_column][et_pb_column type=\u00bb1_2&#8243; _builder_version=\u00bb4.22.0&#8243; _module_preset=\u00bbdefault\u00bb global_colors_info=\u00bb{}\u00bb][et_pb_blurb title=\u00bbRESIDENCIA\u00bb image=\u00bbhttps:\/\/rtiseguros.com\/wp-content\/uploads\/2023\/08\/personal_casasegura.jpg\u00bb _builder_version=\u00bb4.22.0&#8243; _module_preset=\u00bbdefault\u00bb header_text_align=\u00bbjustify\u00bb header_text_color=\u00bb#EDF000&#8243; body_text_align=\u00bbjustify\u00bb body_text_color=\u00bb#FFFFFF\u00bb global_colors_info=\u00bb{}\u00bb]<\/p>\n<p>En nuestro hogar es donde pasamos gran parte de nuestro tiempo y donde guardamos nuestros bienes m\u00e1s valiosos. Por eso, es importante contar con un seguro de hogar que proteja tanto la construcci\u00f3n de nuestra casa como los bienes que se encuentran dentro de ella. Ofrecemos una variedad de opciones de cobertura que se adaptan a tus necesidades y presupuesto, para que puedas proteger tu patrimonio y a tu familia ante cualquier eventualidad. Ya sea que se trate de un robo, un incendio o cualquier otro evento inesperado, nuestro seguro de hogar te brinda la tranquilidad y la protecci\u00f3n que necesitas para cuidar lo m\u00e1s importante para ti. \u00a1Cont\u00e1ctanos hoy mismo y descubre c\u00f3mo podemos ayudarte a proteger tu hogar y a tu familia!<\/p>\n<p>[\/et_pb_blurb][et_pb_button button_url=\u00bbhttps:\/\/rtiseguros.com\/?page_id=151&#8243; button_text=\u00bbM\u00e1s informaci\u00f3n\u00bb button_alignment=\u00bbcenter\u00bb _builder_version=\u00bb4.22.0&#8243; _module_preset=\u00bbdefault\u00bb custom_button=\u00bbon\u00bb button_text_color=\u00bb#EDF000&#8243; background_layout=\u00bbdark\u00bb global_colors_info=\u00bb{}\u00bb][\/et_pb_button][\/et_pb_column][\/et_pb_row][et_pb_row column_structure=\u00bb1_2,1_2&#8243; _builder_version=\u00bb4.22.0&#8243; _module_preset=\u00bbdefault\u00bb global_colors_info=\u00bb{}\u00bb][et_pb_column type=\u00bb1_2&#8243; _builder_version=\u00bb4.22.0&#8243; _module_preset=\u00bbdefault\u00bb global_colors_info=\u00bb{}\u00bb][et_pb_blurb title=\u00bbSEGUROS DE VIAJE\u00bb image=\u00bbhttps:\/\/rtiseguros.com\/wp-content\/uploads\/2023\/08\/personal_viajes-1.jpg\u00bb _builder_version=\u00bb4.22.0&#8243; _module_preset=\u00bbdefault\u00bb header_text_align=\u00bbjustify\u00bb header_text_color=\u00bb#EDF000&#8243; body_text_align=\u00bbjustify\u00bb body_text_color=\u00bb#FFFFFF\u00bb global_colors_info=\u00bb{}\u00bb]<\/p>\n<p>\u00bfTe gustar\u00eda viajar por el mundo con tranquilidad y sin preocupaciones? Ofrecemos una variedad de opciones de seguro de viaje que se adaptan a tus necesidades y presupuesto, para que puedas disfrutar de tus aventuras con la seguridad de estar protegido ante cualquier eventualidad. Nuestros seguros de viaje brindan cobertura para emergencias m\u00e9dicas, cancelaciones de viaje, p\u00e9rdida de equipaje y mucho m\u00e1s, para que puedas viajar con la tranquilidad de saber que est\u00e1s protegido en todo momento. Adem\u00e1s, nuestras opciones de seguro de viaje son adecuadas para todo tipo de viajeros, desde los que buscan una cobertura b\u00e1sica hasta los que necesitan una cobertura m\u00e1s completa. \u00a1Cont\u00e1ctanos hoy mismo y descubre c\u00f3mo podemos ayudarte a viajar por el mundo con tranquilidad y seguridad!<\/p>\n<p>[\/et_pb_blurb][et_pb_button button_url=\u00bbhttps:\/\/rtiseguros.com\/?page_id=151&#8243; button_text=\u00bbM\u00e1s informaci\u00f3n\u00bb button_alignment=\u00bbcenter\u00bb _builder_version=\u00bb4.22.0&#8243; _module_preset=\u00bbdefault\u00bb custom_button=\u00bbon\u00bb button_text_color=\u00bb#EDF000&#8243; background_layout=\u00bbdark\u00bb global_colors_info=\u00bb{}\u00bb][\/et_pb_button][\/et_pb_column][et_pb_column type=\u00bb1_2&#8243; _builder_version=\u00bb4.22.0&#8243; _module_preset=\u00bbdefault\u00bb global_colors_info=\u00bb{}\u00bb][et_pb_blurb title=\u00bbSEGURO DE VEH\u00cdCULO\u00bb image=\u00bbhttps:\/\/rtiseguros.com\/wp-content\/uploads\/2023\/08\/personal_vehiculo.jpg\u00bb _builder_version=\u00bb4.22.0&#8243; _module_preset=\u00bbdefault\u00bb header_text_align=\u00bbjustify\u00bb header_text_color=\u00bb#EDF000&#8243; body_text_align=\u00bbjustify\u00bb body_text_color=\u00bb#FFFFFF\u00bb global_colors_info=\u00bb{}\u00bb]<\/p>\n<p>Sabemos que tu veh\u00edculo es una parte importante de tu vida y que su p\u00e9rdida o da\u00f1o puede tener un impacto significativo en tu econom\u00eda y en tu tiempo. Por eso, ofrecemos un seguro de veh\u00edculo que te protege contra p\u00e9rdidas econ\u00f3micas imprevistas causadas por accidentes, da\u00f1os a terceros y otros eventos inesperados. Con nuestro seguro de veh\u00edculo, puedes estar seguro de que tu inversi\u00f3n est\u00e1 protegida y que podr\u00e1s recuperarte r\u00e1pidamente en caso de cualquier eventualidad. Adem\u00e1s, ofrecemos una variedad de opciones de seguro de veh\u00edculo que se adaptan a tus necesidades y presupuesto, para que puedas obtener la cobertura que necesitas sin comprometer tu econom\u00eda. \u00a1Cont\u00e1ctanos hoy mismo y descubre c\u00f3mo podemos ayudarte a proteger tu veh\u00edculo y a disfrutar de la tranquilidad que mereces!<\/p>\n<p>[\/et_pb_blurb][et_pb_button button_url=\u00bbhttps:\/\/rtiseguros.com\/?page_id=151&#8243; button_text=\u00bbM\u00e1s informaci\u00f3n\u00bb button_alignment=\u00bbcenter\u00bb _builder_version=\u00bb4.22.0&#8243; _module_preset=\u00bbdefault\u00bb custom_button=\u00bbon\u00bb button_text_color=\u00bb#EDF000&#8243; background_layout=\u00bbdark\u00bb global_colors_info=\u00bb{}\u00bb][\/et_pb_button][\/et_pb_column][\/et_pb_row][et_pb_row _builder_version=\u00bb4.22.0&#8243; _module_preset=\u00bbdefault\u00bb global_colors_info=\u00bb{}\u00bb][et_pb_column type=\u00bb4_4&#8243; _builder_version=\u00bb4.22.0&#8243; _module_preset=\u00bbdefault\u00bb global_colors_info=\u00bb{}\u00bb][et_pb_blurb title=\u00bbSEGURO DE VIDA\u00bb image=\u00bbhttps:\/\/rtiseguros.com\/wp-content\/uploads\/2023\/08\/personal_segurodevida-1.jpg\u00bb _builder_version=\u00bb4.22.0&#8243; _module_preset=\u00bbdefault\u00bb header_text_align=\u00bbjustify\u00bb header_text_color=\u00bb#EDF000&#8243; body_text_align=\u00bbjustify\u00bb body_text_color=\u00bb#FFFFFF\u00bb global_colors_info=\u00bb{}\u00bb]<\/p>\n<p>Cu\u00e1ndo el principal proveedor de la familia fallece prematuramente. Las consecuencias pueden ser devastadoras para todos los miembros.\u00a0\u00a1Cont\u00e1ctanos hoy mismo y descubre\u00a0c\u00f3mo podemos ayudarte a proteger a tus seres amado!. Acordes a tu presupuesto.<\/p>\n<p>[\/et_pb_blurb][et_pb_button button_url=\u00bbhttps:\/\/rtiseguros.com\/?page_id=151&#8243; button_text=\u00bbM\u00e1s informaci\u00f3n\u00bb button_alignment=\u00bbcenter\u00bb _builder_version=\u00bb4.22.0&#8243; _module_preset=\u00bbdefault\u00bb custom_button=\u00bbon\u00bb button_text_color=\u00bb#EDF000&#8243; background_layout=\u00bbdark\u00bb global_colors_info=\u00bb{}\u00bb][\/et_pb_button][\/et_pb_column][\/et_pb_row][\/et_pb_section][et_pb_section fb_built=\u00bb1&#8243; admin_label=\u00bbTestimonial\u00bb _builder_version=\u00bb4.22.0&#8243; background_color=\u00bb#00aeca\u00bb background_enable_image=\u00bboff\u00bb background_size=\u00bbinitial\u00bb background_position=\u00bbtop_center\u00bb global_colors_info=\u00bb{}\u00bb][et_pb_row _builder_version=\u00bb4.16&#8243; max_width=\u00bb750px\u00bb module_alignment=\u00bbcenter\u00bb global_colors_info=\u00bb{}\u00bb][et_pb_column type=\u00bb4_4&#8243; _builder_version=\u00bb4.16&#8243; global_colors_info=\u00bb{}\u00bb][et_pb_image _builder_version=\u00bb4.22.0&#8243; global_colors_info=\u00bb{}\u00bb][\/et_pb_image][et_pb_text _builder_version=\u00bb4.22.0&#8243; text_font=\u00bbDarker Grotesque|900|||||||\u00bb text_text_color=\u00bb#0032a0&#8243; text_font_size=\u00bb40px\u00bb text_line_height=\u00bb1.4em\u00bb text_font_size_tablet=\u00bb30px\u00bb text_font_size_phone=\u00bb24px\u00bb text_font_size_last_edited=\u00bbon|phone\u00bb global_colors_info=\u00bb{}\u00bb]<\/p>\n<p style=\"text-align: center;\">Ded\u00edcate a vivir nosotros nos preocupamos por t\u00fa tranquilidad\u200b<\/p>\n<p>[\/et_pb_text][et_pb_button button_url=\u00bbhttps:\/\/rtiseguros.com\/?page_id=117&#8243; button_text=\u00bbM\u00e1s informaci\u00f3n\u00bb button_alignment=\u00bbcenter\u00bb _builder_version=\u00bb4.22.0&#8243; _module_preset=\u00bbdefault\u00bb custom_button=\u00bbon\u00bb button_text_color=\u00bb#EDF000&#8243; button_bg_color=\u00bb#0032a0&#8243; button_border_color=\u00bbRGBA(255,255,255,0)\u00bb button_border_radius=\u00bb0px\u00bb button_letter_spacing=\u00bb3px\u00bb button_font=\u00bbDarker Grotesque|900|||||||\u00bb button_use_icon=\u00bboff\u00bb custom_padding=\u00bb1px|40px|15px|40px|false|false\u00bb global_colors_info=\u00bb{}\u00bb][\/et_pb_button][\/et_pb_column][\/et_pb_row][\/et_pb_section][et_pb_section fb_built=\u00bb1&#8243; admin_label=\u00bbFooter\u00bb _builder_version=\u00bb4.22.0&#8243; background_enable_color=\u00bboff\u00bb use_background_color_gradient=\u00bbon\u00bb background_color_gradient_stops=\u00bb#ffffff 1%|rgba(255,255,255,0.06) 100%\u00bb background_color_gradient_overlays_image=\u00bbon\u00bb background_color_gradient_start=\u00bbrgba(249,243,232,0.85)\u00bb background_color_gradient_end=\u00bbrgba(249,243,232,0.9)\u00bb background_image=\u00bbhttps:\/\/rtiseguros.com\/wp-content\/uploads\/2023\/08\/contacto_lowRti.jpg\u00bb locked=\u00bboff\u00bb global_colors_info=\u00bb{}\u00bb][et_pb_row column_structure=\u00bb1_4,1_4,1_4,1_4&#8243; _builder_version=\u00bb4.16&#8243; locked=\u00bboff\u00bb global_colors_info=\u00bb{}\u00bb][et_pb_column type=\u00bb1_4&#8243; _builder_version=\u00bb4.16&#8243; global_colors_info=\u00bb{}\u00bb][et_pb_image src=\u00bbhttps:\/\/rtiseguros.com\/wp-content\/uploads\/2023\/08\/logo-1.png\u00bb title_text=\u00bblogo-1&#8243; _builder_version=\u00bb4.22.0&#8243; global_colors_info=\u00bb{}\u00bb][\/et_pb_image][\/et_pb_column][et_pb_column type=\u00bb1_4&#8243; _builder_version=\u00bb4.16&#8243; global_colors_info=\u00bb{}\u00bb][et_pb_text _builder_version=\u00bb4.22.0&#8243; _module_preset=\u00bbdefault\u00bb text_text_color=\u00bb#0032a0&#8243; global_colors_info=\u00bb{}\u00bb]<\/p>\n<p>Direcci\u00f3n: Calle La Reforma #209, San Salvador, El Salvador.<\/p>\n<p>Lu &#8211; Vie de 7:00 am a 5:00 pm<\/p>\n<p>[\/et_pb_text][\/et_pb_column][et_pb_column type=\u00bb1_4&#8243; _builder_version=\u00bb4.16&#8243; custom_padding=\u00bb|50px|||false|false\u00bb custom_padding_tablet=\u00bb|0px|||false|false\u00bb custom_padding_phone=\u00bb\u00bb custom_padding_last_edited=\u00bbon|tablet\u00bb global_colors_info=\u00bb{}\u00bb][et_pb_text _builder_version=\u00bb4.22.0&#8243; _module_preset=\u00bbdefault\u00bb text_text_color=\u00bb#0032a0&#8243; global_colors_info=\u00bb{}\u00bb]<a href=\"mailto:info@rtiseguros.com\" style=\"background-color: #e9ff00; color: #0037a5;\">info@rtiseguros.com<\/a><\/p>\n<p><span style=\"background-color: #e9ff00; color: #0037a5;\"> Tel: +503 77975248<\/span><span> <img loading=\"lazy\" decoding=\"async\" src=\"https:\/\/rtiseguros.com\/wp-content\/uploads\/2023\/08\/whatsapp.png\" width=\"20\" height=\"20\" alt=\"\" class=\"wp-image-437 alignnone size-full\" \/><\/span>[\/et_pb_text][\/et_pb_column][et_pb_column type=\u00bb1_4&#8243; _builder_version=\u00bb4.16&#8243; custom_padding=\u00bb|50px|||false|false\u00bb custom_padding_tablet=\u00bb|0px|||false|false\u00bb custom_padding_phone=\u00bb\u00bb custom_padding_last_edited=\u00bbon|tablet\u00bb global_colors_info=\u00bb{}\u00bb][et_pb_text _builder_version=\u00bb4.22.0&#8243; text_font=\u00bbDarker Grotesque|600|||||||\u00bb text_text_color=\u00bb#0032a0&#8243; text_font_size=\u00bb18px\u00bb text_line_height=\u00bb1.4em\u00bb header_text_color=\u00bb#0032a0&#8243; header_4_font=\u00bbDarker Grotesque|900|||||||\u00bb header_4_text_color=\u00bb#0032a0&#8243; header_4_font_size=\u00bb22px\u00bb header_4_line_height=\u00bb1.4em\u00bb global_colors_info=\u00bb{}\u00bb]<\/p>\n<h4>ADQUIERE TU SEGURO DESDE TU CELULAR<\/h4>\n<p>[\/et_pb_text][et_pb_button button_url=\u00bbhttps:\/\/rtiseguros.com\/?page_id=151&#8243; button_text=\u00bb\u00a1AGENDA TU CITA YA!\u00bb button_alignment=\u00bbcenter\u00bb _builder_version=\u00bb4.22.0&#8243; _module_preset=\u00bbdefault\u00bb custom_button=\u00bbon\u00bb button_text_size=\u00bb12px\u00bb button_text_color=\u00bb#EDF000&#8243; button_bg_color=\u00bb#0032a0&#8243; button_border_width=\u00bb0px\u00bb button_border_color=\u00bbRGBA(255,255,255,0)\u00bb button_border_radius=\u00bb0px\u00bb button_letter_spacing=\u00bb1px\u00bb button_font=\u00bbDarker Grotesque|900|||||||\u00bb button_use_icon=\u00bboff\u00bb custom_padding=\u00bb5px|10px|5px|10px|false|false\u00bb hover_enabled=\u00bb0&#8243; global_colors_info=\u00bb{}\u00bb sticky_enabled=\u00bb0&#8243;][\/et_pb_button][\/et_pb_column][\/et_pb_row][\/et_pb_section]<\/p>\n","protected":false},"excerpt":{"rendered":"<p>Ofrecemos asesor\u00eda tanto presencial como en l\u00ednea, para que puedas elegir la opci\u00f3n que mejor se adapte a tus necesidades y preferencias.\u00bfQuieres asegurarte de que tus hijos tengan acceso a la mejor educaci\u00f3n posible? \u00a1Entonces est\u00e1s en el lugar correcto! Sabemos que pagar todos los gastos educativos de una sola vez puede ser abrumador, por [&hellip;]<\/p>\n","protected":false},"author":1,"featured_media":0,"parent":0,"menu_order":0,"comment_status":"closed","ping_status":"closed","template":"","meta":{"_et_pb_use_builder":"on","_et_pb_old_content":"<!-- wp:divi\/placeholder \/-->","_et_gb_content_width":"","_joinchat":[],"footnotes":""},"class_list":["post-325","page","type-page","status-publish","hentry"],"aioseo_notices":[],"_links":{"self":[{"href":"https:\/\/rtiseguros.com\/index.php?rest_route=\/wp\/v2\/pages\/325","targetHints":{"allow":["GET"]}}],"collection":[{"href":"https:\/\/rtiseguros.com\/index.php?rest_route=\/wp\/v2\/pages"}],"about":[{"href":"https:\/\/rtiseguros.com\/index.php?rest_route=\/wp\/v2\/types\/page"}],"author":[{"embeddable":true,"href":"https:\/\/rtiseguros.com\/index.php?rest_route=\/wp\/v2\/users\/1"}],"replies":[{"embeddable":true,"href":"https:\/\/rtiseguros.com\/index.php?rest_route=%2Fwp%2Fv2%2Fcomments&post=325"}],"version-history":[{"count":25,"href":"https:\/\/rtiseguros.com\/index.php?rest_route=\/wp\/v2\/pages\/325\/revisions"}],"predecessor-version":[{"id":532,"href":"https:\/\/rtiseguros.com\/index.php?rest_route=\/wp\/v2\/pages\/325\/revisions\/532"}],"wp:attachment":[{"href":"https:\/\/rtiseguros.com\/index.php?rest_route=%2Fwp%2Fv2%2Fmedia&parent=325"}],"curies":[{"name":"wp","href":"https:\/\/api.w.org\/{rel}","templated":true}]}}