{"id":117,"date":"2023-08-15T09:39:36","date_gmt":"2023-08-15T15:39:36","guid":{"rendered":"https:\/\/rtiseguros.com\/?page_id=117"},"modified":"2023-09-18T07:52:41","modified_gmt":"2023-09-18T13:52:41","slug":"inicio-2","status":"publish","type":"page","link":"https:\/\/rtiseguros.com\/?page_id=117","title":{"rendered":"NOSOTROS"},"content":{"rendered":"<p>[et_pb_section fb_built=\u00bb1&#8243; fullwidth=\u00bbon\u00bb _builder_version=\u00bb4.22.0&#8243; background_image=\u00bbhttps:\/\/rtiseguros.com\/wp-content\/uploads\/2023\/08\/portada_1.jpg\u00bb global_colors_info=\u00bb{}\u00bb][et_pb_fullwidth_header title=\u00bbInversi\u00f3n, Seguros &#038; Fianzas\u00bb text_orientation=\u00bbcenter\u00bb _builder_version=\u00bb4.22.0&#8243; title_font=\u00bbDarker Grotesque|900|||||||\u00bb title_text_align=\u00bbleft\u00bb title_font_size=\u00bb106px\u00bb title_line_height=\u00bb0.75em\u00bb content_text_align=\u00bbleft\u00bb background_color=\u00bbrgba(0,0,0,0.34)\u00bb background_enable_image=\u00bboff\u00bb background_size=\u00bbinitial\u00bb background_position=\u00bbtop_center\u00bb custom_button_one=\u00bbon\u00bb button_one_text_color=\u00bb#FFFFFF\u00bb button_one_bg_color=\u00bb#0032a0&#8243; button_one_border_color=\u00bbrgba(0,0,0,0)\u00bb button_one_border_radius=\u00bb0px\u00bb button_one_letter_spacing=\u00bb2px\u00bb button_one_font=\u00bbDarker Grotesque|900||on|||||\u00bb button_one_use_icon=\u00bboff\u00bb button_one_custom_padding=\u00bb15px|40px|15px|40px|true|true\u00bb custom_button_two=\u00bbon\u00bb button_two_text_color=\u00bb#283444&#8243; button_two_bg_color=\u00bb#ddccb8&#8243; button_two_border_color=\u00bbrgba(0,0,0,0)\u00bb button_two_border_radius=\u00bb0px\u00bb button_two_letter_spacing=\u00bb2px\u00bb button_two_font=\u00bbDarker Grotesque|900||on|||||\u00bb button_two_use_icon=\u00bboff\u00bb custom_padding=\u00bb6vw||6vw||true|false\u00bb title_font_size_tablet=\u00bb10vw\u00bb title_font_size_phone=\u00bb10vw\u00bb title_font_size_last_edited=\u00bbon|phone\u00bb title_line_height_tablet=\u00bb\u00bb title_line_height_phone=\u00bb\u00bb title_line_height_last_edited=\u00bbon|desktop\u00bb background_last_edited=\u00bbon|desktop\u00bb background_size_tablet=\u00bbcover\u00bb button_one_text_size_tablet=\u00bb20px\u00bb button_one_text_size_phone=\u00bb16px\u00bb button_one_text_size_last_edited=\u00bbon|phone\u00bb button_two_text_size_tablet=\u00bb20px\u00bb button_two_text_size_phone=\u00bb16px\u00bb button_two_text_size_last_edited=\u00bbon|phone\u00bb custom_css_header_container=\u00bbmax-width: 100% !important;||width: 100% !important;\u00bb global_colors_info=\u00bb{}\u00bb][\/et_pb_fullwidth_header][\/et_pb_section][et_pb_section fb_built=\u00bb1&#8243; admin_label=\u00bbTestimonial\u00bb _builder_version=\u00bb4.22.0&#8243; background_color=\u00bb#00aeca\u00bb background_enable_image=\u00bboff\u00bb background_size=\u00bbinitial\u00bb background_position=\u00bbtop_center\u00bb global_colors_info=\u00bb{}\u00bb][et_pb_row _builder_version=\u00bb4.16&#8243; max_width=\u00bb750px\u00bb module_alignment=\u00bbcenter\u00bb global_colors_info=\u00bb{}\u00bb][et_pb_column type=\u00bb4_4&#8243; _builder_version=\u00bb4.16&#8243; global_colors_info=\u00bb{}\u00bb][et_pb_image _builder_version=\u00bb4.22.0&#8243; global_colors_info=\u00bb{}\u00bb][\/et_pb_image][et_pb_text _builder_version=\u00bb4.22.0&#8243; text_font=\u00bbDarker Grotesque|900|||||||\u00bb text_text_color=\u00bb#FFFFFF\u00bb text_font_size=\u00bb40px\u00bb text_line_height=\u00bb1.4em\u00bb text_font_size_tablet=\u00bb30px\u00bb text_font_size_phone=\u00bb24px\u00bb text_font_size_last_edited=\u00bbon|phone\u00bb global_colors_info=\u00bb{}\u00bb]<\/p>\n<p style=\"text-align: center;\">\u00bfQUIENES SOMOS?<\/p>\n<p>[\/et_pb_text][\/et_pb_column][\/et_pb_row][\/et_pb_section][et_pb_section fb_built=\u00bb1&#8243; admin_label=\u00bbFeatures\u00bb _builder_version=\u00bb4.22.0&#8243; background_color=\u00bb#0032a0&#8243; background_enable_image=\u00bboff\u00bb background_size=\u00bbinitial\u00bb background_position=\u00bbbottom_center\u00bb custom_padding=\u00bb||50px|||\u00bb module_alignment_tablet=\u00bbcenter\u00bb module_alignment_last_edited=\u00bboff|tablet\u00bb border_color_all=\u00bb#FFFFFF\u00bb global_colors_info=\u00bb{}\u00bb][et_pb_row column_structure=\u00bb3_5,2_5&#8243; _builder_version=\u00bb4.22.0&#8243; _module_preset=\u00bbdefault\u00bb global_colors_info=\u00bb{}\u00bb][et_pb_column type=\u00bb3_5&#8243; _builder_version=\u00bb4.22.0&#8243; _module_preset=\u00bbdefault\u00bb global_colors_info=\u00bb{}\u00bb][et_pb_text _builder_version=\u00bb4.22.0&#8243; text_font=\u00bbDarker Grotesque|600|||||||\u00bb text_text_color=\u00bb#FFFFFF\u00bb text_font_size=\u00bb18px\u00bb text_line_height=\u00bb1.4em\u00bb header_font=\u00bbDarker Grotesque|900|||||||\u00bb header_text_color=\u00bb#ddccb8&#8243; header_font_size=\u00bb36px\u00bb header_2_font=\u00bbDarker Grotesque|900|||||||\u00bb header_2_text_color=\u00bb#ddccb8&#8243; header_2_font_size=\u00bb36px\u00bb header_3_font=\u00bbDarker Grotesque|900|||||||\u00bb header_3_text_align=\u00bbjustify\u00bb header_3_text_color=\u00bb#FFFFFF\u00bb header_4_font=\u00bbDarker Grotesque|900|||||||\u00bb header_4_text_color=\u00bb#ddccb8&#8243; header_4_font_size=\u00bb36px\u00bb header_5_font=\u00bbDarker Grotesque|900|||||||\u00bb header_5_text_color=\u00bb#ddccb8&#8243; header_5_font_size=\u00bb36px\u00bb header_6_font=\u00bbDarker Grotesque|900|||||||\u00bb header_6_text_color=\u00bb#ddccb8&#8243; header_6_font_size=\u00bb36px\u00bb background_layout=\u00bbdark\u00bb custom_margin=\u00bb-1px||||false|false\u00bb custom_margin_tablet=\u00bb60px||||false|false\u00bb custom_margin_phone=\u00bb0px||||false|false\u00bb custom_margin_last_edited=\u00bbon|phone\u00bb header_font_size_tablet=\u00bb30px\u00bb header_font_size_phone=\u00bb24px\u00bb header_font_size_last_edited=\u00bbon|phone\u00bb header_2_font_size_tablet=\u00bb30px\u00bb header_2_font_size_phone=\u00bb24px\u00bb header_2_font_size_last_edited=\u00bbon|phone\u00bb header_3_font_size_tablet=\u00bb30px\u00bb header_3_font_size_phone=\u00bb24px\u00bb header_3_font_size_last_edited=\u00bbon|phone\u00bb header_4_font_size_tablet=\u00bb30px\u00bb header_4_font_size_phone=\u00bb24px\u00bb header_4_font_size_last_edited=\u00bbon|phone\u00bb header_5_font_size_tablet=\u00bb30px\u00bb header_5_font_size_phone=\u00bb24px\u00bb header_5_font_size_last_edited=\u00bbon|phone\u00bb header_6_font_size_tablet=\u00bb30px\u00bb header_6_font_size_phone=\u00bb24px\u00bb header_6_font_size_last_edited=\u00bbon|phone\u00bb global_colors_info=\u00bb{}\u00bb]<\/p>\n<h3>Creemos firmemente que tener\u00a0un seguro\u00a0puede mejorar significativamente la situaci\u00f3n econ\u00f3mica tanto de una persona como de su familia, mientras que la falta de cobertura puede tener consecuencias catastr\u00f3ficas y cambiarles la vida para\u00a0siempre.<\/h3>\n<h3>Nuestro prop\u00f3sito es ayudarte a estar preparado para esos momentos dif\u00edciles de la vida, asegur\u00e1ndote de que cuentes con el apoyo financiero necesario para hacerles frente.<\/h3>\n<h3>Administramos riesgo en El Salvador y todo el mundo.\u00a0Proporcionandote:<\/h3>\n<h3><\/h3>\n<ul>\n<li>\n<h3><span style=\"color:yellow\">R<\/span>esponsabilidad<\/h3>\n<\/li>\n<li>\n<h3><span style=\"color:yellow\">T<\/span>ranquilidad<\/h3>\n<\/li>\n<li>\n<h3><span style=\"color:yellow\">I<\/span>ntegridad<\/h3>\n<\/li>\n<\/ul>\n<p>[\/et_pb_text][\/et_pb_column][et_pb_column type=\u00bb2_5&#8243; _builder_version=\u00bb4.22.0&#8243; _module_preset=\u00bbdefault\u00bb global_colors_info=\u00bb{}\u00bb][et_pb_image src=\u00bbhttps:\/\/rtiseguros.com\/wp-content\/uploads\/2023\/08\/nosotros_profesiones3.jpg\u00bb title_text=\u00bbnosotros_profesiones3&#8243; _builder_version=\u00bb4.22.0&#8243; _module_preset=\u00bbdefault\u00bb global_colors_info=\u00bb{}\u00bb][\/et_pb_image][\/et_pb_column][\/et_pb_row][\/et_pb_section][et_pb_section fb_built=\u00bb1&#8243; admin_label=\u00bbFeatures\u00bb _builder_version=\u00bb4.22.0&#8243; background_enable_color=\u00bboff\u00bb background_enable_image=\u00bboff\u00bb background_size=\u00bbinitial\u00bb background_position=\u00bbbottom_center\u00bb custom_padding=\u00bb||50px|||\u00bb module_alignment_tablet=\u00bbcenter\u00bb module_alignment_last_edited=\u00bboff|tablet\u00bb border_color_all=\u00bb#FFFFFF\u00bb global_colors_info=\u00bb{}\u00bb][et_pb_row column_structure=\u00bb1_3,2_3&#8243; _builder_version=\u00bb4.22.0&#8243; _module_preset=\u00bbdefault\u00bb global_colors_info=\u00bb{}\u00bb][et_pb_column type=\u00bb1_3&#8243; _builder_version=\u00bb4.22.0&#8243; _module_preset=\u00bbdefault\u00bb global_colors_info=\u00bb{}\u00bb][et_pb_image src=\u00bbhttps:\/\/rtiseguros.com\/wp-content\/uploads\/2023\/09\/ELSALVADOR_RTI2-1.jpg\u00bb title_text=\u00bbELSALVADOR_RTI2&#8243; _builder_version=\u00bb4.22.0&#8243; _module_preset=\u00bbdefault\u00bb hover_enabled=\u00bb0&#8243; global_colors_info=\u00bb{}\u00bb sticky_enabled=\u00bb0&#8243;][\/et_pb_image][\/et_pb_column][et_pb_column type=\u00bb2_3&#8243; _builder_version=\u00bb4.22.0&#8243; _module_preset=\u00bbdefault\u00bb global_colors_info=\u00bb{}\u00bb][et_pb_text _builder_version=\u00bb4.22.0&#8243; text_font=\u00bbDarker Grotesque|600|||||||\u00bb text_text_color=\u00bb#FFFFFF\u00bb text_font_size=\u00bb18px\u00bb text_line_height=\u00bb1.4em\u00bb header_font=\u00bbDarker Grotesque|900|||||||\u00bb header_text_color=\u00bb#ddccb8&#8243; header_font_size=\u00bb36px\u00bb header_2_font=\u00bbDarker Grotesque|900|||||||\u00bb header_2_text_color=\u00bb#ddccb8&#8243; header_2_font_size=\u00bb36px\u00bb header_3_font=\u00bbDarker Grotesque|900|||||||\u00bb header_3_text_color=\u00bb#ddccb8&#8243; header_3_font_size=\u00bb36px\u00bb header_4_font=\u00bbDarker Grotesque|900|||||||\u00bb header_4_text_color=\u00bb#0032a0&#8243; header_4_font_size=\u00bb30px\u00bb header_5_font=\u00bbDarker Grotesque|900|||||||\u00bb header_5_text_color=\u00bb#ddccb8&#8243; header_5_font_size=\u00bb36px\u00bb header_6_font=\u00bbDarker Grotesque|900|||||||\u00bb header_6_text_color=\u00bb#ddccb8&#8243; header_6_font_size=\u00bb36px\u00bb background_layout=\u00bbdark\u00bb min_height=\u00bb314.6px\u00bb custom_margin=\u00bb60px||||false|false\u00bb header_font_size_tablet=\u00bb30px\u00bb header_font_size_phone=\u00bb24px\u00bb header_font_size_last_edited=\u00bbon|phone\u00bb header_2_font_size_tablet=\u00bb30px\u00bb header_2_font_size_phone=\u00bb24px\u00bb header_2_font_size_last_edited=\u00bbon|phone\u00bb header_3_font_size_tablet=\u00bb30px\u00bb header_3_font_size_phone=\u00bb24px\u00bb header_3_font_size_last_edited=\u00bbon|phone\u00bb header_4_font_size_tablet=\u00bb30px\u00bb header_4_font_size_phone=\u00bb24px\u00bb header_4_font_size_last_edited=\u00bbon|phone\u00bb header_5_font_size_tablet=\u00bb30px\u00bb header_5_font_size_phone=\u00bb24px\u00bb header_5_font_size_last_edited=\u00bbon|phone\u00bb header_6_font_size_tablet=\u00bb30px\u00bb header_6_font_size_phone=\u00bb24px\u00bb header_6_font_size_last_edited=\u00bbon|phone\u00bb locked=\u00bboff\u00bb global_colors_info=\u00bb{}\u00bb]<\/p>\n<h4>Somos expertos en planificaci\u00f3n financiera y asesor\u00eda en seguro desde el 2008. A lo largo de nuestra trayectoria, hemos logrado cambiar tanto las vidas de muchas familias\u00a0 como a empresas a superar obst\u00e1culos, enfrentar diferentes riesgos como:<\/h4>\n<ul>\n<li style=\"text-align: justify;\">\n<h4>&#8211; Problemas de salud.<\/h4>\n<\/li>\n<li style=\"text-align: justify;\">\n<h4>&#8211; P\u00e9rdida de la capacidad productiva.<\/h4>\n<\/li>\n<li style=\"text-align: justify;\">\n<h4>&#8211; Fallecimiento prematuro.<\/h4>\n<\/li>\n<li style=\"text-align: justify;\">\n<h4>&#8211; Multiplicaci\u00f3n de su patrimonio.<\/h4>\n<\/li>\n<li style=\"text-align: justify;\">\n<h4>&#8211; Reclamaciones de terceros.<\/h4>\n<\/li>\n<\/ul>\n<h4>Nuestro objetivo es ofrecer el apoyo para que nuestros clientes puedan protegerse ellos y sus familias y as\u00ed asegurar un bienestar financiero a largo plazo.<\/h4>\n<p>[\/et_pb_text][\/et_pb_column][\/et_pb_row][\/et_pb_section][et_pb_section fb_built=\u00bb1&#8243; _builder_version=\u00bb4.22.0&#8243; _module_preset=\u00bbdefault\u00bb global_colors_info=\u00bb{}\u00bb][et_pb_row _builder_version=\u00bb4.22.0&#8243; _module_preset=\u00bbdefault\u00bb width=\u00bb100%\u00bb max_width=\u00bb100%\u00bb module_alignment=\u00bbcenter\u00bb global_colors_info=\u00bb{}\u00bb][et_pb_column type=\u00bb4_4&#8243; _builder_version=\u00bb4.22.0&#8243; _module_preset=\u00bbdefault\u00bb global_colors_info=\u00bb{}\u00bb][et_pb_text _builder_version=\u00bb4.22.0&#8243; text_font=\u00bbDarker Grotesque|900|||||||\u00bb text_text_color=\u00bb#0032a0&#8243; text_font_size=\u00bb40px\u00bb text_line_height=\u00bb1.4em\u00bb text_font_size_tablet=\u00bb30px\u00bb text_font_size_phone=\u00bb24px\u00bb text_font_size_last_edited=\u00bbon|phone\u00bb global_colors_info=\u00bb{}\u00bb]<\/p>\n<p style=\"text-align: center;\">Nuestros socios comerciales:<\/p>\n<p>[\/et_pb_text][wdcl_logo_carousel autoplay_speed=\u00bb1000ms\u00bb is_variable_width=\u00bbon\u00bb _builder_version=\u00bb4.22.0&#8243; _module_preset=\u00bbdefault\u00bb global_colors_info=\u00bb{}\u00bb][wdcl_logo_carousel_child logo=\u00bbhttps:\/\/rtiseguros.com\/wp-content\/uploads\/2023\/08\/1_ssf.jpg\u00bb _builder_version=\u00bb4.22.0&#8243; _module_preset=\u00bbdefault\u00bb global_colors_info=\u00bb{}\u00bb][\/wdcl_logo_carousel_child][wdcl_logo_carousel_child logo=\u00bbhttps:\/\/rtiseguros.com\/wp-content\/uploads\/2023\/08\/3_asesuisa.jpg\u00bb _builder_version=\u00bb4.22.0&#8243; _module_preset=\u00bbdefault\u00bb global_colors_info=\u00bb{}\u00bb][\/wdcl_logo_carousel_child][wdcl_logo_carousel_child logo=\u00bbhttps:\/\/rtiseguros.com\/wp-content\/uploads\/2023\/08\/4_assa.jpg\u00bb _builder_version=\u00bb4.22.0&#8243; _module_preset=\u00bbdefault\u00bb global_colors_info=\u00bb{}\u00bb][\/wdcl_logo_carousel_child][wdcl_logo_carousel_child logo=\u00bbhttps:\/\/rtiseguros.com\/wp-content\/uploads\/2023\/08\/5_sostengo.jpg\u00bb _builder_version=\u00bb4.22.0&#8243; _module_preset=\u00bbdefault\u00bb global_colors_info=\u00bb{}\u00bb][\/wdcl_logo_carousel_child][wdcl_logo_carousel_child logo=\u00bbhttps:\/\/rtiseguros.com\/wp-content\/uploads\/2023\/08\/6_azul.jpg\u00bb _builder_version=\u00bb4.22.0&#8243; _module_preset=\u00bbdefault\u00bb global_colors_info=\u00bb{}\u00bb][\/wdcl_logo_carousel_child][wdcl_logo_carousel_child logo=\u00bbhttps:\/\/rtiseguros.com\/wp-content\/uploads\/2023\/08\/7_sisa.jpg\u00bb _builder_version=\u00bb4.22.0&#8243; _module_preset=\u00bbdefault\u00bb global_colors_info=\u00bb{}\u00bb][\/wdcl_logo_carousel_child][wdcl_logo_carousel_child logo=\u00bbhttps:\/\/rtiseguros.com\/wp-content\/uploads\/2023\/08\/8_acsa.jpg\u00bb _builder_version=\u00bb4.22.0&#8243; _module_preset=\u00bbdefault\u00bb global_colors_info=\u00bb{}\u00bb][\/wdcl_logo_carousel_child][wdcl_logo_carousel_child logo=\u00bbhttps:\/\/rtiseguros.com\/wp-content\/uploads\/2023\/08\/9_pal.jpg\u00bb _builder_version=\u00bb4.22.0&#8243; _module_preset=\u00bbdefault\u00bb global_colors_info=\u00bb{}\u00bb][\/wdcl_logo_carousel_child][wdcl_logo_carousel_child logo=\u00bbhttps:\/\/rtiseguros.com\/wp-content\/uploads\/2023\/08\/10_davivienda.jpg\u00bb _builder_version=\u00bb4.22.0&#8243; _module_preset=\u00bbdefault\u00bb global_colors_info=\u00bb{}\u00bb][\/wdcl_logo_carousel_child][wdcl_logo_carousel_child logo=\u00bbhttps:\/\/rtiseguros.com\/wp-content\/uploads\/2023\/08\/11_qualitas.jpg\u00bb _builder_version=\u00bb4.22.0&#8243; _module_preset=\u00bbdefault\u00bb global_colors_info=\u00bb{}\u00bb][\/wdcl_logo_carousel_child][wdcl_logo_carousel_child logo=\u00bbhttps:\/\/rtiseguros.com\/wp-content\/uploads\/2023\/08\/12_lacentral.jpg\u00bb _builder_version=\u00bb4.22.0&#8243; _module_preset=\u00bbdefault\u00bb global_colors_info=\u00bb{}\u00bb][\/wdcl_logo_carousel_child][wdcl_logo_carousel_child logo=\u00bbhttps:\/\/rtiseguros.com\/wp-content\/uploads\/2023\/08\/13_mapfre.jpg\u00bb _builder_version=\u00bb4.22.0&#8243; _module_preset=\u00bbdefault\u00bb global_colors_info=\u00bb{}\u00bb][\/wdcl_logo_carousel_child][wdcl_logo_carousel_child logo=\u00bbhttps:\/\/rtiseguros.com\/wp-content\/uploads\/2023\/08\/14_pacifico.jpg\u00bb _builder_version=\u00bb4.22.0&#8243; _module_preset=\u00bbdefault\u00bb global_colors_info=\u00bb{}\u00bb][\/wdcl_logo_carousel_child][wdcl_logo_carousel_child logo=\u00bbhttps:\/\/rtiseguros.com\/wp-content\/uploads\/2023\/08\/15_abank.jpg\u00bb _builder_version=\u00bb4.22.0&#8243; _module_preset=\u00bbdefault\u00bb global_colors_info=\u00bb{}\u00bb][\/wdcl_logo_carousel_child][\/wdcl_logo_carousel][\/et_pb_column][\/et_pb_row][\/et_pb_section][et_pb_section fb_built=\u00bb1&#8243; admin_label=\u00bbTestimonial\u00bb _builder_version=\u00bb4.22.0&#8243; background_color=\u00bb#00aeca\u00bb background_enable_image=\u00bboff\u00bb background_size=\u00bbinitial\u00bb background_position=\u00bbtop_center\u00bb global_colors_info=\u00bb{}\u00bb][et_pb_row _builder_version=\u00bb4.16&#8243; max_width=\u00bb750px\u00bb module_alignment=\u00bbcenter\u00bb global_colors_info=\u00bb{}\u00bb][et_pb_column type=\u00bb4_4&#8243; _builder_version=\u00bb4.16&#8243; global_colors_info=\u00bb{}\u00bb][et_pb_image _builder_version=\u00bb4.22.0&#8243; global_colors_info=\u00bb{}\u00bb][\/et_pb_image][et_pb_text _builder_version=\u00bb4.22.0&#8243; text_font=\u00bbDarker Grotesque|900|||||||\u00bb text_text_color=\u00bb#0032a0&#8243; text_font_size=\u00bb40px\u00bb text_line_height=\u00bb1.4em\u00bb text_font_size_tablet=\u00bb30px\u00bb text_font_size_phone=\u00bb24px\u00bb text_font_size_last_edited=\u00bbon|phone\u00bb global_colors_info=\u00bb{}\u00bb]<\/p>\n<p style=\"text-align: center;\">Ded\u00edcate a vivir nosotros nos preocupamos por t\u00fa tranquilidad\u200b<\/p>\n<p>[\/et_pb_text][\/et_pb_column][\/et_pb_row][\/et_pb_section][et_pb_section fb_built=\u00bb1&#8243; admin_label=\u00bbFooter\u00bb _builder_version=\u00bb4.22.0&#8243; background_enable_color=\u00bboff\u00bb use_background_color_gradient=\u00bbon\u00bb background_color_gradient_stops=\u00bb#ffffff 1%|rgba(255,255,255,0.06) 100%\u00bb background_color_gradient_overlays_image=\u00bbon\u00bb background_color_gradient_start=\u00bbrgba(249,243,232,0.85)\u00bb background_color_gradient_end=\u00bbrgba(249,243,232,0.9)\u00bb background_image=\u00bbhttps:\/\/rtiseguros.com\/wp-content\/uploads\/2023\/08\/contacto_lowRti.jpg\u00bb locked=\u00bboff\u00bb global_colors_info=\u00bb{}\u00bb][et_pb_row column_structure=\u00bb1_4,1_4,1_4,1_4&#8243; _builder_version=\u00bb4.16&#8243; locked=\u00bboff\u00bb global_colors_info=\u00bb{}\u00bb][et_pb_column type=\u00bb1_4&#8243; _builder_version=\u00bb4.16&#8243; global_colors_info=\u00bb{}\u00bb][et_pb_image src=\u00bbhttps:\/\/rtiseguros.com\/wp-content\/uploads\/2023\/08\/logo-1.png\u00bb title_text=\u00bblogo-1&#8243; _builder_version=\u00bb4.22.0&#8243; global_colors_info=\u00bb{}\u00bb][\/et_pb_image][\/et_pb_column][et_pb_column type=\u00bb1_4&#8243; _builder_version=\u00bb4.16&#8243; global_colors_info=\u00bb{}\u00bb][et_pb_text _builder_version=\u00bb4.22.0&#8243; _module_preset=\u00bbdefault\u00bb text_text_color=\u00bb#0032a0&#8243; global_colors_info=\u00bb{}\u00bb]<\/p>\n<p>Direcci\u00f3n: Calle La Reforma #209, San Salvador, El Salvador.<\/p>\n<p>Lu &#8211; Vie de 7:00 am a 5:00 pm<\/p>\n<p>[\/et_pb_text][\/et_pb_column][et_pb_column type=\u00bb1_4&#8243; _builder_version=\u00bb4.16&#8243; custom_padding=\u00bb|50px|||false|false\u00bb custom_padding_tablet=\u00bb|0px|||false|false\u00bb custom_padding_phone=\u00bb\u00bb custom_padding_last_edited=\u00bbon|tablet\u00bb global_colors_info=\u00bb{}\u00bb][et_pb_text _builder_version=\u00bb4.22.0&#8243; _module_preset=\u00bbdefault\u00bb text_text_color=\u00bb#0032a0&#8243; global_colors_info=\u00bb{}\u00bb]<a href=\"mailto:info@rtiseguros.com\" style=\"background-color: #e9ff00; color: #0037a5;\">info@rtiseguros.com<\/a><\/p>\n<p><span style=\"background-color: #e9ff00; color: #0037a5;\"> Tel: +503 77975248<\/span><span> <img loading=\"lazy\" decoding=\"async\" src=\"https:\/\/rtiseguros.com\/wp-content\/uploads\/2023\/08\/whatsapp.png\" width=\"20\" height=\"20\" alt=\"\" class=\"wp-image-437 alignnone size-full\" \/><\/span>[\/et_pb_text][\/et_pb_column][et_pb_column type=\u00bb1_4&#8243; _builder_version=\u00bb4.16&#8243; custom_padding=\u00bb|50px|||false|false\u00bb custom_padding_tablet=\u00bb|0px|||false|false\u00bb custom_padding_phone=\u00bb\u00bb custom_padding_last_edited=\u00bbon|tablet\u00bb global_colors_info=\u00bb{}\u00bb][et_pb_text _builder_version=\u00bb4.22.0&#8243; text_font=\u00bbDarker Grotesque|600|||||||\u00bb text_text_color=\u00bb#0032a0&#8243; text_font_size=\u00bb18px\u00bb text_line_height=\u00bb1.4em\u00bb header_text_color=\u00bb#0032a0&#8243; header_4_font=\u00bbDarker Grotesque|900|||||||\u00bb header_4_text_color=\u00bb#0032a0&#8243; header_4_font_size=\u00bb22px\u00bb header_4_line_height=\u00bb1.4em\u00bb global_colors_info=\u00bb{}\u00bb]<\/p>\n<h4>ADQUIERE TU SEGURO DESDE TU CELULAR<\/h4>\n<p>[\/et_pb_text][et_pb_button button_url=\u00bbhttps:\/\/rtiseguros.com\/?page_id=151&#8243; button_text=\u00bb\u00a1AGENDA TU CITA YA!\u00bb button_alignment=\u00bbcenter\u00bb _builder_version=\u00bb4.22.0&#8243; _module_preset=\u00bbdefault\u00bb custom_button=\u00bbon\u00bb button_text_size=\u00bb12px\u00bb button_text_color=\u00bb#EDF000&#8243; button_bg_color=\u00bb#0032a0&#8243; button_border_width=\u00bb0px\u00bb button_border_color=\u00bbRGBA(255,255,255,0)\u00bb button_border_radius=\u00bb0px\u00bb button_letter_spacing=\u00bb1px\u00bb button_font=\u00bbDarker Grotesque|900|||||||\u00bb button_use_icon=\u00bboff\u00bb custom_padding=\u00bb5px|10px|5px|10px|false|false\u00bb global_colors_info=\u00bb{}\u00bb][\/et_pb_button][\/et_pb_column][\/et_pb_row][\/et_pb_section]<\/p>\n","protected":false},"excerpt":{"rendered":"<p>\u00bfQUIENES SOMOS?Creemos firmemente que tener\u00a0un seguro\u00a0puede mejorar significativamente la situaci\u00f3n econ\u00f3mica tanto de una persona como de su familia, mientras que la falta de cobertura puede tener consecuencias catastr\u00f3ficas y cambiarles la vida para\u00a0siempre. Nuestro prop\u00f3sito es ayudarte a estar preparado para esos momentos dif\u00edciles de la vida, asegur\u00e1ndote de que cuentes con el apoyo [&hellip;]<\/p>\n","protected":false},"author":1,"featured_media":0,"parent":0,"menu_order":0,"comment_status":"closed","ping_status":"closed","template":"","meta":{"_et_pb_use_builder":"on","_et_pb_old_content":"<!-- wp:divi\/placeholder \/-->","_et_gb_content_width":"","_joinchat":[],"footnotes":""},"class_list":["post-117","page","type-page","status-publish","hentry"],"aioseo_notices":[],"_links":{"self":[{"href":"https:\/\/rtiseguros.com\/index.php?rest_route=\/wp\/v2\/pages\/117","targetHints":{"allow":["GET"]}}],"collection":[{"href":"https:\/\/rtiseguros.com\/index.php?rest_route=\/wp\/v2\/pages"}],"about":[{"href":"https:\/\/rtiseguros.com\/index.php?rest_route=\/wp\/v2\/types\/page"}],"author":[{"embeddable":true,"href":"https:\/\/rtiseguros.com\/index.php?rest_route=\/wp\/v2\/users\/1"}],"replies":[{"embeddable":true,"href":"https:\/\/rtiseguros.com\/index.php?rest_route=%2Fwp%2Fv2%2Fcomments&post=117"}],"version-history":[{"count":42,"href":"https:\/\/rtiseguros.com\/index.php?rest_route=\/wp\/v2\/pages\/117\/revisions"}],"predecessor-version":[{"id":541,"href":"https:\/\/rtiseguros.com\/index.php?rest_route=\/wp\/v2\/pages\/117\/revisions\/541"}],"wp:attachment":[{"href":"https:\/\/rtiseguros.com\/index.php?rest_route=%2Fwp%2Fv2%2Fmedia&parent=117"}],"curies":[{"name":"wp","href":"https:\/\/api.w.org\/{rel}","templated":true}]}}